{"id":72,"date":"2020-04-18T12:48:29","date_gmt":"2020-04-18T10:48:29","guid":{"rendered":"http:\/\/localhost:8080\/?page_id=72"},"modified":"2020-05-11T12:27:35","modified_gmt":"2020-05-11T10:27:35","slug":"startseite","status":"publish","type":"page","link":"https:\/\/dorn-methode-therapie.de\/","title":{"rendered":"Startseite"},"content":{"rendered":"\t\t<div data-elementor-type=\"wp-page\" data-elementor-id=\"72\" class=\"elementor elementor-72\">\n\t\t\t\t\t\t<div class=\"elementor-inner\">\n\t\t\t\t<div class=\"elementor-section-wrap\">\n\t\t\t\t\t\t\t\t\t<section class=\"elementor-section elementor-top-section elementor-element elementor-element-4290078 elementor-section-boxed elementor-section-height-default elementor-section-height-default\" data-id=\"4290078\" data-element_type=\"section\">\n\t\t\t\t\t\t<div class=\"elementor-container elementor-column-gap-default\">\n\t\t\t\t\t\t\t<div class=\"elementor-row\">\n\t\t\t\t\t<div class=\"elementor-column elementor-col-100 elementor-top-column elementor-element elementor-element-128039f\" data-id=\"128039f\" data-element_type=\"column\">\n\t\t\t<div class=\"elementor-column-wrap elementor-element-populated\">\n\t\t\t\t\t\t\t<div class=\"elementor-widget-wrap\">\n\t\t\t\t\t\t<div class=\"elementor-element elementor-element-1113a98 elementor-widget elementor-widget-heading\" data-id=\"1113a98\" data-element_type=\"widget\" data-widget_type=\"heading.default\">\n\t\t\t\t<div class=\"elementor-widget-container\">\n\t\t\t<h1 class=\"elementor-heading-title elementor-size-default\">Dorn-Methode<\/h1>\t\t<\/div>\n\t\t\t\t<\/div>\n\t\t\t\t\t\t<\/div>\n\t\t\t\t\t<\/div>\n\t\t<\/div>\n\t\t\t\t\t\t\t\t<\/div>\n\t\t\t\t\t<\/div>\n\t\t<\/section>\n\t\t\t\t<section class=\"elementor-section elementor-top-section elementor-element elementor-element-701c865 elementor-section-boxed elementor-section-height-default elementor-section-height-default\" data-id=\"701c865\" data-element_type=\"section\">\n\t\t\t\t\t\t<div class=\"elementor-container elementor-column-gap-default\">\n\t\t\t\t\t\t\t<div class=\"elementor-row\">\n\t\t\t\t\t<div class=\"elementor-column elementor-col-100 elementor-top-column elementor-element elementor-element-7ad118b\" data-id=\"7ad118b\" data-element_type=\"column\">\n\t\t\t<div class=\"elementor-column-wrap elementor-element-populated\">\n\t\t\t\t\t\t\t<div class=\"elementor-widget-wrap\">\n\t\t\t\t\t\t<div class=\"elementor-element elementor-element-e912f18 elementor-widget-divider--view-line_text elementor-widget-divider--element-align-center elementor-widget elementor-widget-divider\" data-id=\"e912f18\" data-element_type=\"widget\" data-widget_type=\"divider.default\">\n\t\t\t\t<div class=\"elementor-widget-container\">\n\t\t\t\t\t<div class=\"elementor-divider\">\n\t\t\t<span class=\"elementor-divider-separator\">\n\t\t\t\t\t\t\t<span class=\"elementor-divider__text elementor-divider__element\">\n\t\t\t\teine sanfte Therapie der Wirbels\u00e4ule und Gelenke\t\t\t\t<\/span>\n\t\t\t\t\t\t<\/span>\n\t\t<\/div>\n\t\t\t\t<\/div>\n\t\t\t\t<\/div>\n\t\t\t\t\t\t<\/div>\n\t\t\t\t\t<\/div>\n\t\t<\/div>\n\t\t\t\t\t\t\t\t<\/div>\n\t\t\t\t\t<\/div>\n\t\t<\/section>\n\t\t\t\t<section class=\"elementor-section elementor-top-section elementor-element elementor-element-147bb23 elementor-section-boxed elementor-section-height-default elementor-section-height-default\" data-id=\"147bb23\" data-element_type=\"section\">\n\t\t\t\t\t\t<div class=\"elementor-container elementor-column-gap-default\">\n\t\t\t\t\t\t\t<div class=\"elementor-row\">\n\t\t\t\t\t<div class=\"elementor-column elementor-col-100 elementor-top-column elementor-element elementor-element-ae7bce4\" data-id=\"ae7bce4\" data-element_type=\"column\">\n\t\t\t<div class=\"elementor-column-wrap elementor-element-populated\">\n\t\t\t\t\t\t\t<div class=\"elementor-widget-wrap\">\n\t\t\t\t\t\t<div class=\"elementor-element elementor-element-f9c1393 elementor-widget elementor-widget-text-editor\" data-id=\"f9c1393\" data-element_type=\"widget\" data-widget_type=\"text-editor.default\">\n\t\t\t\t<div class=\"elementor-widget-container\">\n\t\t\t\t\t\t\t\t<div class=\"elementor-text-editor elementor-clearfix\">\n\t\t\t\t<p>Dorn-Therapie, Dorn-Methode, Dorn-Breuss-Methode, Wirbels\u00e4ulentherapie nach Dorn sind einige Namen unter der diese Methode ver\u00f6ffentlicht wird. Diese Seite m\u00f6chte Ihnen einen \u00dcberblick und Informationen zu der Dorn-Methode und deren Grundlagen und Grundregeln geben.<\/p><p>Die Dorn-Therapie ist eine sanfte Mobilisation von dysfunktionellen Wirbeln und Gelenken. Sie ist eine sanfte Therapie der Wirbels\u00e4ule und aller Gelenke bei Menschen und Tieren. Diese Methode ist eine frei erlernbare Therapie. Dieter Dorn wollte schon fr\u00fch, da\u00df viele Menschen seine Methode erlernen k\u00f6nnen und deswegen hat er sie nicht namensrechtlich gesch\u00fctzt.<\/p><p>Dies hat Vor- und Nachteile. Einerseits hat dies die schnelle Verbreitung der erfolgreichen Methode zum Nutzen von vielen Menschen und Patienten unterst\u00fctzt. Andererseits k\u00f6nnen Therapeuten diesen Namen der Methode verwenden obwohl sie diese sogar nicht erlernt haben. Hier mu\u00df sich ein Interessent \u00fcber die Seriosit\u00e4t des Therapeuten oder Referenten der Dorn-Methode informieren.<\/p>\t\t\t\t\t<\/div>\n\t\t\t\t\t\t<\/div>\n\t\t\t\t<\/div>\n\t\t\t\t\t\t<\/div>\n\t\t\t\t\t<\/div>\n\t\t<\/div>\n\t\t\t\t\t\t\t\t<\/div>\n\t\t\t\t\t<\/div>\n\t\t<\/section>\n\t\t\t\t<section class=\"elementor-section elementor-top-section elementor-element elementor-element-30fedb5 elementor-section-boxed elementor-section-height-default elementor-section-height-default\" data-id=\"30fedb5\" data-element_type=\"section\">\n\t\t\t\t\t\t<div class=\"elementor-container elementor-column-gap-default\">\n\t\t\t\t\t\t\t<div class=\"elementor-row\">\n\t\t\t\t\t<div class=\"elementor-column elementor-col-100 elementor-top-column elementor-element elementor-element-4209f066\" data-id=\"4209f066\" data-element_type=\"column\">\n\t\t\t<div class=\"elementor-column-wrap elementor-element-populated\">\n\t\t\t\t\t\t\t<div class=\"elementor-widget-wrap\">\n\t\t\t\t\t\t<div class=\"elementor-element elementor-element-35a8e883 elementor-widget elementor-widget-text-editor\" data-id=\"35a8e883\" data-element_type=\"widget\" data-widget_type=\"text-editor.default\">\n\t\t\t\t<div class=\"elementor-widget-container\">\n\t\t\t\t\t\t\t\t<div class=\"elementor-text-editor elementor-clearfix\">\n\t\t\t\t\t\t\t\t\t<\/div>\n\t\t\t\t\t\t<\/div>\n\t\t\t\t<\/div>\n\t\t\t\t<div class=\"elementor-element elementor-element-0a9f902 elementor-widget elementor-widget-text-editor\" data-id=\"0a9f902\" data-element_type=\"widget\" data-widget_type=\"text-editor.default\">\n\t\t\t\t<div class=\"elementor-widget-container\">\n\t\t\t\t\t\t\t\t<div class=\"elementor-text-editor elementor-clearfix\">\n\t\t\t\t<p><b>Diese Methode besteht aus 3 Teilen: <\/b><\/p><ul><li>Die Therapie und Behandlungstechniken<\/li><li>Die Eigen\u00fcbungen f\u00fcr die Betroffenen<\/li><li>Ganzheitliches Verst\u00e4ndnis und Theorie mit den m\u00f6glichen Zusammenh\u00e4ngen der Beschwerden<\/li><\/ul><p>Eine Dorn-Behandlung besteht immer aus der Anwendung\u00a0 von allen 3 Bereichen, wenn ein Therapeut sie in der Praxis vollst\u00e4ndig anwenden m\u00f6chte.<\/p><p>Dieser Gesamtaufbau der Methode kann noch in 2 Anwendungsbereiche den Therapeutenbereich und den Laien- und Patientenbereich unterteilt werden.<\/p><p>Die medizinischen Fachberufler haben eine ganzheitliche Therapie und Ursachenanalyse f\u00fcr ihre t\u00e4gliche Anwendung in der Praxis zur Verf\u00fcgung. Immer mehr \u00c4rzte, Heilpraktiker, Physiotherapeuten, Krankengymnasten, Ergotherapeuten, Hebammen und medizinische Masseure wenden diese Methode in ihren Praxen an.<\/p><p>Die Laien\/Patienten haben die Eigen\u00fcbungen im Sinne der Hilfe zur Selbsthilfe und Prophylaxe ihrer Beschwerden.<\/p><p>Zur allgemeinen starken Verwirrung mit dem Namen und der Anwendung tragen verschiedene Arten der Kommerzialisierung der Methode bei.<\/p><p>Einerseits wird im medizinischen Fachbereich der Name der Methode f\u00fcr Anwendungen verwendet, die auf keinen Fall etwas mit der Methode zu tun haben (z.B. es wird teilweise behauptet Chiropraktik sei \u00e4hnlich). Hier gibt es auch Therapeuten, die ihren eigenen Namen noch an Dorn anh\u00e4ngen, etc.<\/p><p>Andererseits gibt es im Laienbereich Entwicklungen von Fantasienamen, um eine Fachlichkeit vorzut\u00e4uschen und sogar therapieren und eine Differentialdiagnose stellen zu wollen. Auch hier gibt es einige Seminaranbieter, die an Laien sogenannte \u201eTherapeutische Titel\u201c vergeben und dies mit ein paar Ausbildungsstunden begr\u00fcnden. Hier gilt nat\u00fcrlich in Deutschland das Heilpraktikergesetz. Teilweise wird Dorn auch noch zu horrenden Preisen als Wellness und zur \u201eWellness-Massage-Ausbildung\u201c angeboten.<\/p><p>Diese \u201eRichtungen\u201c sind nicht im Sinne von Dieter Dorn und der Dorn-Methode! Und diese Methode und Therapie hat ihren klar definierbaren eigenen Charakter. Dieter Dorn hatte \u00fcber sehr viele Jahre wahrgenommen und gewirkt. Ihn haben die Menschen interessiert und nicht das Geld!<\/p><p>Viele medizinische Therapeuten mischen in der f\u00fcr sie eigenen Art und Weise verschiedene Therapien\/Techniken und dies ist auch gut so. So hat jeder Therapeut seine individuelle Behandlungsart und Gesamtkonzept. Dies wird den Patienten bei der Aufkl\u00e4rung vor der Therapie gesagt, damit aktive Patienten auch w\u00e4hlen k\u00f6nnen.<\/p><p>Hier werden die Grundlagen, Methodenbeschreibung, Seminarinhalte und Behandlungsablauf f\u00fcr medizinische Masseure, Ergotherapeuten, Hebammen, Physiotherapeuten, Krankengymnasten, Heilpraktiker, \u00c4rzte und interessierte Patienten aufgef\u00fchrt.<\/p><p>Informationen zur Dorn-Methode\/-Therapie gibt es ebenfalls von der &#8222;Internationalen Gesellschaft f\u00fcr medizinische Dorn-Therapie e.V.&#8220; <u><a href=\"http:\/\/www.igmdt.de\/\" target=\"www.igmdt.de\" rel=\"noopener noreferrer\">www.igmdt.de<\/a><\/u><\/p><p>Die IGMDT e.V. wurde September 2014 gegr\u00fcndet mit den 3 Zielen: Erforschung der Dorn-Methode\/-Therapie, medizinisch fundierte Weiterverbreitung der Dorn-Methode\/-Therapie in Fachkreisen und der Bev\u00f6lkerung, und Gesundheitsvorsorge der Bev\u00f6lkerung.<\/p><p><b>Hinweis aus rechtlichen Gr\u00fcnden:<\/b> Die Dorn-Methode geh\u00f6rt zu der naturheilkundlichen Komplement\u00e4rmedizin. Es gibt noch keine wissenschaftlich evidenzbasierte Studie zum Wirkungsnachweis der Dorn-Therapie. Somit ist die Dorn-Methode\/-Therapie in der Schulmedizin nicht anerkannt. Alle Aussagen \u00fcber Eigenschaft, Wirkung oder Anwendungsm\u00f6glichkeiten beruhen auf Erkenntnis und Erfahrung des Therapeuten\/Autoren selbst.<\/p>\t\t\t\t\t<\/div>\n\t\t\t\t\t\t<\/div>\n\t\t\t\t<\/div>\n\t\t\t\t\t\t<\/div>\n\t\t\t\t\t<\/div>\n\t\t<\/div>\n\t\t\t\t\t\t\t\t<\/div>\n\t\t\t\t\t<\/div>\n\t\t<\/section>\n\t\t\t\t\t\t\t\t\t<\/div>\n\t\t\t<\/div>\n\t\t\t\t\t<\/div>\n\t\t","protected":false},"excerpt":{"rendered":"<p>Dorn-Methode eine sanfte Therapie der Wirbels\u00e4ule und Gelenke Dorn-Therapie, Dorn-Methode, Dorn-Breuss-Methode, Wirbels\u00e4ulentherapie nach Dorn sind einige Namen unter der diese Methode ver\u00f6ffentlicht wird. Diese Seite m\u00f6chte Ihnen einen \u00dcberblick und Informationen zu der Dorn-Methode und deren Grundlagen und Grundregeln geben. Die Dorn-Therapie ist eine sanfte Mobilisation von dysfunktionellen Wirbeln und Gelenken. Sie ist eine sanfte [&hellip;]<\/p>\n","protected":false},"author":1,"featured_media":177,"parent":0,"menu_order":0,"comment_status":"closed","ping_status":"closed","template":"","meta":[],"_links":{"self":[{"href":"https:\/\/dorn-methode-therapie.de\/index.php?rest_route=\/wp\/v2\/pages\/72"}],"collection":[{"href":"https:\/\/dorn-methode-therapie.de\/index.php?rest_route=\/wp\/v2\/pages"}],"about":[{"href":"https:\/\/dorn-methode-therapie.de\/index.php?rest_route=\/wp\/v2\/types\/page"}],"author":[{"embeddable":true,"href":"https:\/\/dorn-methode-therapie.de\/index.php?rest_route=\/wp\/v2\/users\/1"}],"replies":[{"embeddable":true,"href":"https:\/\/dorn-methode-therapie.de\/index.php?rest_route=%2Fwp%2Fv2%2Fcomments&post=72"}],"version-history":[{"count":10,"href":"https:\/\/dorn-methode-therapie.de\/index.php?rest_route=\/wp\/v2\/pages\/72\/revisions"}],"predecessor-version":[{"id":202,"href":"https:\/\/dorn-methode-therapie.de\/index.php?rest_route=\/wp\/v2\/pages\/72\/revisions\/202"}],"wp:featuredmedia":[{"embeddable":true,"href":"https:\/\/dorn-methode-therapie.de\/index.php?rest_route=\/wp\/v2\/media\/177"}],"wp:attachment":[{"href":"https:\/\/dorn-methode-therapie.de\/index.php?rest_route=%2Fwp%2Fv2%2Fmedia&parent=72"}],"curies":[{"name":"wp","href":"https:\/\/api.w.org\/{rel}","templated":true}]}}