{"id":45,"date":"2020-04-16T15:03:57","date_gmt":"2020-04-16T13:03:57","guid":{"rendered":"http:\/\/localhost:8080\/?page_id=45"},"modified":"2020-12-15T11:26:14","modified_gmt":"2020-12-15T10:26:14","slug":"meridiane-und-dorn-therapie","status":"publish","type":"page","link":"https:\/\/dorn-methode-therapie.de\/?page_id=45","title":{"rendered":"Meridiane und Dorn-Therapie"},"content":{"rendered":"\t\t<div data-elementor-type=\"wp-page\" data-elementor-id=\"45\" class=\"elementor elementor-45\">\n\t\t\t\t\t\t<div class=\"elementor-inner\">\n\t\t\t\t<div class=\"elementor-section-wrap\">\n\t\t\t\t\t\t\t\t\t<section class=\"elementor-section elementor-top-section elementor-element elementor-element-3f9e9f50 elementor-section-boxed elementor-section-height-default elementor-section-height-default\" data-id=\"3f9e9f50\" data-element_type=\"section\">\n\t\t\t\t\t\t<div class=\"elementor-container elementor-column-gap-default\">\n\t\t\t\t\t\t\t<div class=\"elementor-row\">\n\t\t\t\t\t<div class=\"elementor-column elementor-col-100 elementor-top-column elementor-element elementor-element-7a18e5f7\" data-id=\"7a18e5f7\" data-element_type=\"column\">\n\t\t\t<div class=\"elementor-column-wrap elementor-element-populated\">\n\t\t\t\t\t\t\t<div class=\"elementor-widget-wrap\">\n\t\t\t\t\t\t<div class=\"elementor-element elementor-element-39edc279 elementor-widget elementor-widget-text-editor\" data-id=\"39edc279\" data-element_type=\"widget\" data-widget_type=\"text-editor.default\">\n\t\t\t\t<div class=\"elementor-widget-container\">\n\t\t\t\t\t\t\t\t<div class=\"elementor-text-editor elementor-clearfix\">\n\t\t\t\t<h1 class=\"western\">Meridiane und Dorn-Methode\/-Therapie<\/h1>\n<p><span style=\"font-family: Times New Roman, serif;\"><span style=\"font-size: medium;\">&nbsp;<\/span><\/span><\/p>\n<h1 class=\"western\"><img decoding=\"async\" loading=\"lazy\" class=\"size-full wp-image-103 alignleft\" src=\"http:\/\/dornme.wpstage.covomedia.com\/wp-content\/uploads\/2020\/04\/meridiane.jpg\" alt=\"\" width=\"149\" height=\"220\"><\/h1>\n<h1 class=\"western\"><img decoding=\"async\" loading=\"lazy\" class=\"size-medium wp-image-169 \" style=\"float: right;\" src=\"http:\/\/dornme.wpstage.covomedia.com\/wp-content\/uploads\/2020\/04\/SKUB18-99-166x300.jpg\" alt=\"\" width=\"166\" height=\"300\" srcset=\"https:\/\/dorn-methode-therapie.de\/wp-content\/uploads\/2020\/04\/SKUB18-99-166x300.jpg 166w, https:\/\/dorn-methode-therapie.de\/wp-content\/uploads\/2020\/04\/SKUB18-99-566x1024.jpg 566w, https:\/\/dorn-methode-therapie.de\/wp-content\/uploads\/2020\/04\/SKUB18-99-768x1389.jpg 768w, https:\/\/dorn-methode-therapie.de\/wp-content\/uploads\/2020\/04\/SKUB18-99-849x1536.jpg 849w, https:\/\/dorn-methode-therapie.de\/wp-content\/uploads\/2020\/04\/SKUB18-99-1132x2048.jpg 1132w, https:\/\/dorn-methode-therapie.de\/wp-content\/uploads\/2020\/04\/SKUB18-99-scaled.jpg 1416w\" sizes=\"(max-width: 166px) 100vw, 166px\" \/><\/h1>\n<p><span style=\"font-family: Times New Roman, serif;\"><span style=\"font-size: medium;\">Meridiane sind Verbindungslinien zwischen den Akupunkturpunkten. Diese sind \u00fcber viele Jahrhunderte in China im Rahmen der TCM (Traditionellen Chinesischen Medizin) entdeckt und zum Beispiel im Buch des \u201eGelben Kaiser\u201c mit Hintergrund belegt worden. In ihnen flie\u00dft eine Energie. Wenn dieser Energieflu\u00df gest\u00f6rt ist, kann dies Ursache oder Symptom einer Krankheit oder von Beschwerden sein. Der Energieflu\u00df kann gehemmt oder verst\u00e4rkt und r\u00fcckw\u00e4rtswirkend oder vorw\u00e4rtswirkend sein. Diesen Energieflu\u00df haben auch die alten Chinesen \u00fcber unterschiedlichste Art mit Anregung oder Hemmung ausgeglichen. Interventionsarten sind Nadelung, Phytotherapie (Pflanzenheilkunde), manuelle Kompression oder Dehnungen, Moxibustion (Verbrennen von Pulvern auf der Haut), aktive Bewegungs\u00fcbungen der Patienten z.B. Qi Gong, Di\u00e4tetik (Essenspl\u00e4ne), etc.<\/span><\/span><\/p>\n<p><span style=\"font-family: Times New Roman, serif;\"><span style=\"font-size: medium;\">Ein Part in der Ganzheitlichkeit der Dorn-Methode stellt die Beeinflu\u00dfbarkeit der Meridiane und ihrem Energieflu\u00df \u00fcber die Wirbel und Gelenkbehandlung dar. Die 12 Hauptmeridiane haben au\u00dfer 2 Meridianen Organnamen. Dieter Dorn hat schon bei dem ersten Dorn-Kongre\u00df 1997 in seiner Rede berichtet, da\u00df es einen Zusammenhang von den Wirbeln mit bestimmten inneren Organen und deren Meridianen mit denselben Organnamen in der Dorn-Anwendung geben kann. Wenn ein medizinischer Fachberufler Dorn in seiner Praxis anwendet, wird er diesen Zusammenhang h\u00e4ufig in seiner Praxis reproduzieren und zur Differenzialdiagnose nutzen k\u00f6nnen.<\/span><\/span><\/p>\n<h1 class=\"western\"><\/h1>\t\t\t\t\t<\/div>\n\t\t\t\t\t\t<\/div>\n\t\t\t\t<\/div>\n\t\t\t\t\t\t<\/div>\n\t\t\t\t\t<\/div>\n\t\t<\/div>\n\t\t\t\t\t\t\t\t<\/div>\n\t\t\t\t\t<\/div>\n\t\t<\/section>\n\t\t\t\t\t\t\t\t\t<\/div>\n\t\t\t<\/div>\n\t\t\t\t\t<\/div>\n\t\t","protected":false},"excerpt":{"rendered":"<p>Meridiane und Dorn-Methode\/-Therapie &nbsp; Meridiane sind Verbindungslinien zwischen den Akupunkturpunkten. Diese sind \u00fcber viele Jahrhunderte in China im Rahmen der TCM (Traditionellen Chinesischen Medizin) entdeckt und zum Beispiel im Buch des \u201eGelben Kaiser\u201c mit Hintergrund belegt worden. In ihnen flie\u00dft eine Energie. Wenn dieser Energieflu\u00df gest\u00f6rt ist, kann dies Ursache oder Symptom einer Krankheit oder [&hellip;]<\/p>\n","protected":false},"author":1,"featured_media":0,"parent":35,"menu_order":0,"comment_status":"closed","ping_status":"closed","template":"","meta":[],"_links":{"self":[{"href":"https:\/\/dorn-methode-therapie.de\/index.php?rest_route=\/wp\/v2\/pages\/45"}],"collection":[{"href":"https:\/\/dorn-methode-therapie.de\/index.php?rest_route=\/wp\/v2\/pages"}],"about":[{"href":"https:\/\/dorn-methode-therapie.de\/index.php?rest_route=\/wp\/v2\/types\/page"}],"author":[{"embeddable":true,"href":"https:\/\/dorn-methode-therapie.de\/index.php?rest_route=\/wp\/v2\/users\/1"}],"replies":[{"embeddable":true,"href":"https:\/\/dorn-methode-therapie.de\/index.php?rest_route=%2Fwp%2Fv2%2Fcomments&post=45"}],"version-history":[{"count":11,"href":"https:\/\/dorn-methode-therapie.de\/index.php?rest_route=\/wp\/v2\/pages\/45\/revisions"}],"predecessor-version":[{"id":316,"href":"https:\/\/dorn-methode-therapie.de\/index.php?rest_route=\/wp\/v2\/pages\/45\/revisions\/316"}],"up":[{"embeddable":true,"href":"https:\/\/dorn-methode-therapie.de\/index.php?rest_route=\/wp\/v2\/pages\/35"}],"wp:attachment":[{"href":"https:\/\/dorn-methode-therapie.de\/index.php?rest_route=%2Fwp%2Fv2%2Fmedia&parent=45"}],"curies":[{"name":"wp","href":"https:\/\/api.w.org\/{rel}","templated":true}]}}