{"id":43,"date":"2020-04-16T15:03:43","date_gmt":"2020-04-16T13:03:43","guid":{"rendered":"http:\/\/localhost:8080\/?page_id=43"},"modified":"2020-12-15T11:26:58","modified_gmt":"2020-12-15T10:26:58","slug":"saeuglinge-kinder-und-dorn-therapie","status":"publish","type":"page","link":"https:\/\/dorn-methode-therapie.de\/?page_id=43","title":{"rendered":"S\u00e4uglinge, Kinder und Dorn-Therapie"},"content":{"rendered":"\t\t<div data-elementor-type=\"wp-page\" data-elementor-id=\"43\" class=\"elementor elementor-43\">\n\t\t\t\t\t\t<div class=\"elementor-inner\">\n\t\t\t\t<div class=\"elementor-section-wrap\">\n\t\t\t\t\t\t\t\t\t<section class=\"elementor-section elementor-top-section elementor-element elementor-element-2957fd8 elementor-section-boxed elementor-section-height-default elementor-section-height-default\" data-id=\"2957fd8\" data-element_type=\"section\">\n\t\t\t\t\t\t<div class=\"elementor-container elementor-column-gap-default\">\n\t\t\t\t\t\t\t<div class=\"elementor-row\">\n\t\t\t\t\t<div class=\"elementor-column elementor-col-100 elementor-top-column elementor-element elementor-element-60718659\" data-id=\"60718659\" data-element_type=\"column\">\n\t\t\t<div class=\"elementor-column-wrap elementor-element-populated\">\n\t\t\t\t\t\t\t<div class=\"elementor-widget-wrap\">\n\t\t\t\t\t\t<div class=\"elementor-element elementor-element-70e8bc99 elementor-widget elementor-widget-text-editor\" data-id=\"70e8bc99\" data-element_type=\"widget\" data-widget_type=\"text-editor.default\">\n\t\t\t\t<div class=\"elementor-widget-container\">\n\t\t\t\t\t\t\t\t<div class=\"elementor-text-editor elementor-clearfix\">\n\t\t\t\t<h1 class=\"western\">Kinder, S\u00e4uglinge und Dorn-Methode\/-Therapie<\/h1>\n<p><span style=\"font-family: Times New Roman, serif;\"><span style=\"font-size: medium;\"><img decoding=\"async\" loading=\"lazy\" class=\"size-full wp-image-107 alignleft\" src=\"http:\/\/dornme.wpstage.covomedia.com\/wp-content\/uploads\/2020\/04\/kinder.jpg\" alt=\"\" width=\"220\" height=\"165\">Die DORN-Therapie kann bei S\u00e4uglingen, Babies und &nbsp;Kindern jeden Alters angewendet werden. &nbsp;Durch ihre Sanftheit wird sie von den Kindern sehr gut toleriert. Ab einem Alter von ungef\u00e4hr drei Jahren, k\u00f6nnen dem Kind bzw. den Eltern auch Eigen\u00fcbungen vermittelt werden.&nbsp;<\/span><\/span><\/p>\n<p><span style=\"font-family: Times New Roman, serif;\"><span style=\"font-size: medium;\">Beinl\u00e4ngendifferenzen bei stehenden und gehenden Kindern k\u00f6nnen Fehlhaltungen der Wirbels\u00e4ule und des Rumpfes hervorrufen. Es k\u00f6nnen sich auch arrhythmische Gangbilder, H\u00fcpfen und Rennen sind unkoordiniert zeigen.<\/span><\/span><\/p>\n<p><span style=\"font-family: Times New Roman, serif;\"><span style=\"font-size: medium;\">Dysfunktionen \/ Blockaden von Wirbeln bzw. Gelenken k\u00f6nnen sowohl die Haltungs- als auch die Bewegungsentwicklung des Kindes nachteilig beeinflussen. &nbsp;Auf reflektorischem Wege k\u00f6nnen den Wirbeln empirisch zugeordneten Organe betroffen sein. S\u00e4uglinge und Kinder k\u00f6nnen bei Dysfunktion \/ Blockaden der oberen Halswirbel Kopfseitenbevorzugungen und Rumpfasymmetrien einhergehend mit Unruhe, Schreien, Schlaf- und Verdauungsst\u00f6rungen zeigen.<\/span><\/span><\/p>\n<p><span style=\"font-family: Times New Roman, serif;\"><span style=\"font-size: medium;\">Diese Dysfunktionen \/ Blockaden k\u00f6nnen mit der Dorn-Therapie behandelt werden. &nbsp;Die Dorn-Methode leistet auch im Sinne der Pr\u00e4vention einen wertvollen Beitrag zur gesunden Haltungs- und Bewegungsentwicklung des Kindes. Die Behandlungsdurchf\u00fchrung ist dieselbe wie beim Erwachsenen. &nbsp;Eine Ausnahme bildet die Behandlung von S\u00e4uglingen, Babies und Kindern bis zu einem Alter von ungef\u00e4hr drei Jahren. Hier sollte sich der Behandler in der sensomotorischen Entwicklung von Kindern auskennen, um einen zuverl\u00e4ssigen Befund &nbsp;erstellen zu k\u00f6nnen. &nbsp;Au\u00dferdem ist die Anatomie filigraner und verlangt dementsprechendes Feingef\u00fchl bei Befundung und Behandlung der Dorn-Therapie. Die S\u00e4uglinge, Babies werden haupts\u00e4chlich in R\u00fccken- und Bauchlage behandelt. Sobald die Kinder sicher gehen, k\u00f6nnen sie in denselben Ausgangspositionen wie die Erwachsenen behandelt werden.&nbsp;<\/span><\/span><\/p>\n<p>&nbsp;<\/p>\t\t\t\t\t<\/div>\n\t\t\t\t\t\t<\/div>\n\t\t\t\t<\/div>\n\t\t\t\t\t\t<\/div>\n\t\t\t\t\t<\/div>\n\t\t<\/div>\n\t\t\t\t\t\t\t\t<\/div>\n\t\t\t\t\t<\/div>\n\t\t<\/section>\n\t\t\t\t\t\t\t\t\t<\/div>\n\t\t\t<\/div>\n\t\t\t\t\t<\/div>\n\t\t","protected":false},"excerpt":{"rendered":"<p>Kinder, S\u00e4uglinge und Dorn-Methode\/-Therapie Die DORN-Therapie kann bei S\u00e4uglingen, Babies und &nbsp;Kindern jeden Alters angewendet werden. &nbsp;Durch ihre Sanftheit wird sie von den Kindern sehr gut toleriert. Ab einem Alter von ungef\u00e4hr drei Jahren, k\u00f6nnen dem Kind bzw. den Eltern auch Eigen\u00fcbungen vermittelt werden.&nbsp; Beinl\u00e4ngendifferenzen bei stehenden und gehenden Kindern k\u00f6nnen Fehlhaltungen der Wirbels\u00e4ule und [&hellip;]<\/p>\n","protected":false},"author":1,"featured_media":0,"parent":35,"menu_order":0,"comment_status":"closed","ping_status":"closed","template":"","meta":[],"_links":{"self":[{"href":"https:\/\/dorn-methode-therapie.de\/index.php?rest_route=\/wp\/v2\/pages\/43"}],"collection":[{"href":"https:\/\/dorn-methode-therapie.de\/index.php?rest_route=\/wp\/v2\/pages"}],"about":[{"href":"https:\/\/dorn-methode-therapie.de\/index.php?rest_route=\/wp\/v2\/types\/page"}],"author":[{"embeddable":true,"href":"https:\/\/dorn-methode-therapie.de\/index.php?rest_route=\/wp\/v2\/users\/1"}],"replies":[{"embeddable":true,"href":"https:\/\/dorn-methode-therapie.de\/index.php?rest_route=%2Fwp%2Fv2%2Fcomments&post=43"}],"version-history":[{"count":4,"href":"https:\/\/dorn-methode-therapie.de\/index.php?rest_route=\/wp\/v2\/pages\/43\/revisions"}],"predecessor-version":[{"id":317,"href":"https:\/\/dorn-methode-therapie.de\/index.php?rest_route=\/wp\/v2\/pages\/43\/revisions\/317"}],"up":[{"embeddable":true,"href":"https:\/\/dorn-methode-therapie.de\/index.php?rest_route=\/wp\/v2\/pages\/35"}],"wp:attachment":[{"href":"https:\/\/dorn-methode-therapie.de\/index.php?rest_route=%2Fwp%2Fv2%2Fmedia&parent=43"}],"curies":[{"name":"wp","href":"https:\/\/api.w.org\/{rel}","templated":true}]}}