{"id":39,"date":"2020-04-16T15:03:22","date_gmt":"2020-04-16T13:03:22","guid":{"rendered":"http:\/\/localhost:8080\/?page_id=39"},"modified":"2020-12-15T11:24:30","modified_gmt":"2020-12-15T10:24:30","slug":"ergotherapie-und-dorn-therapie","status":"publish","type":"page","link":"https:\/\/dorn-methode-therapie.de\/?page_id=39","title":{"rendered":"Ergotherapie und Dorn-Therapie"},"content":{"rendered":"\t\t<div data-elementor-type=\"wp-page\" data-elementor-id=\"39\" class=\"elementor elementor-39\">\n\t\t\t\t\t\t<div class=\"elementor-inner\">\n\t\t\t\t<div class=\"elementor-section-wrap\">\n\t\t\t\t\t\t\t\t\t<section class=\"elementor-section elementor-top-section elementor-element elementor-element-76d48ff6 elementor-section-boxed elementor-section-height-default elementor-section-height-default\" data-id=\"76d48ff6\" data-element_type=\"section\">\n\t\t\t\t\t\t<div class=\"elementor-container elementor-column-gap-default\">\n\t\t\t\t\t\t\t<div class=\"elementor-row\">\n\t\t\t\t\t<div class=\"elementor-column elementor-col-100 elementor-top-column elementor-element elementor-element-1236dd35\" data-id=\"1236dd35\" data-element_type=\"column\">\n\t\t\t<div class=\"elementor-column-wrap elementor-element-populated\">\n\t\t\t\t\t\t\t<div class=\"elementor-widget-wrap\">\n\t\t\t\t\t\t<div class=\"elementor-element elementor-element-79f381f6 elementor-widget elementor-widget-text-editor\" data-id=\"79f381f6\" data-element_type=\"widget\" data-widget_type=\"text-editor.default\">\n\t\t\t\t<div class=\"elementor-widget-container\">\n\t\t\t\t\t\t\t\t<div class=\"elementor-text-editor elementor-clearfix\">\n\t\t\t\t<h1 class=\"western\">Ergotherapie und Dorn-Methode\/-Therapie<\/h1>\n<p><span style=\"font-family: Times New Roman, serif;\"><span style=\"font-size: medium;\"><img decoding=\"async\" loading=\"lazy\" class=\"size-full wp-image-109 alignleft\" src=\"http:\/\/dornme.wpstage.covomedia.com\/wp-content\/uploads\/2020\/04\/ergotherapie.jpg\" alt=\"\" width=\"220\" height=\"165\">Die Ergotherapie behandelt Beschwerden und Einschr\u00e4nkungen der Motorik und Sinnesorganen von Menschen jeglichen Alters. Die Verbesserung bei Defiziten und Wiederaufbau der Selbst\u00e4ndigkeit beim allt\u00e4glichen Leben und der Arbeit sind Ziele der Ergotherapie. Ursachen f\u00fcr diese Defizite sind multikausal. Defizite, die aus einer Dysfunktion\/Blockade von Wirbeln oder peripheren Gelenken mit verursacht sind, k\u00f6nnen Ergotherapeuten sehr gut mit der Dorn-Therapie beeinflussen.<\/span><\/span><\/p>\n<p><span style=\"font-family: Times New Roman, serif;\"><span style=\"font-size: medium;\">Der Aufbau des K\u00f6rpers mit Rumpf, Armen, Beinen und Kopf zeigt die zentrale Wichtigkeit der Wirbels\u00e4ule und ihrer physiologisch freien Funktion. Darauf aufbauend werden die peripheren Gelenke befundet und behandelt. Der Informationsfluss im Nervensystem vom Gehirn in die Peripherie wie H\u00e4nde, F\u00fc\u00dfe und Kopf und entgegengesetzt wird gef\u00f6rdert. Das Gleichgewichtssystem, Koordination und Feinmotorik ist ebenfalls von der mittleren und oberen Halswirbels\u00e4ule beeinflusst.<\/span><\/span><\/p>\n<p><span style=\"font-family: Times New Roman, serif;\"><span style=\"font-size: medium;\">Die Behandlungsart der Dorn-Therapie, die den Patienten w\u00e4hrend der Behandlung und danach aktiviert, unterst\u00fctzt das Konzept der Verbesserung von individuellen Defiziten im Alltag bei Bewegung und Haltung der Patienten und der Steigerung der Selbst\u00e4ndigkeit. So ist die Dorn-Methode ein wichtiger Baustein in dem Therapiespektrum von Ergotherapeuten.<\/span><\/span><\/p>\t\t\t\t\t<\/div>\n\t\t\t\t\t\t<\/div>\n\t\t\t\t<\/div>\n\t\t\t\t\t\t<\/div>\n\t\t\t\t\t<\/div>\n\t\t<\/div>\n\t\t\t\t\t\t\t\t<\/div>\n\t\t\t\t\t<\/div>\n\t\t<\/section>\n\t\t\t\t\t\t\t\t\t<\/div>\n\t\t\t<\/div>\n\t\t\t\t\t<\/div>\n\t\t","protected":false},"excerpt":{"rendered":"<p>Ergotherapie und Dorn-Methode\/-Therapie Die Ergotherapie behandelt Beschwerden und Einschr\u00e4nkungen der Motorik und Sinnesorganen von Menschen jeglichen Alters. Die Verbesserung bei Defiziten und Wiederaufbau der Selbst\u00e4ndigkeit beim allt\u00e4glichen Leben und der Arbeit sind Ziele der Ergotherapie. Ursachen f\u00fcr diese Defizite sind multikausal. Defizite, die aus einer Dysfunktion\/Blockade von Wirbeln oder peripheren Gelenken mit verursacht sind, k\u00f6nnen [&hellip;]<\/p>\n","protected":false},"author":1,"featured_media":0,"parent":35,"menu_order":0,"comment_status":"closed","ping_status":"closed","template":"","meta":[],"_links":{"self":[{"href":"https:\/\/dorn-methode-therapie.de\/index.php?rest_route=\/wp\/v2\/pages\/39"}],"collection":[{"href":"https:\/\/dorn-methode-therapie.de\/index.php?rest_route=\/wp\/v2\/pages"}],"about":[{"href":"https:\/\/dorn-methode-therapie.de\/index.php?rest_route=\/wp\/v2\/types\/page"}],"author":[{"embeddable":true,"href":"https:\/\/dorn-methode-therapie.de\/index.php?rest_route=\/wp\/v2\/users\/1"}],"replies":[{"embeddable":true,"href":"https:\/\/dorn-methode-therapie.de\/index.php?rest_route=%2Fwp%2Fv2%2Fcomments&post=39"}],"version-history":[{"count":3,"href":"https:\/\/dorn-methode-therapie.de\/index.php?rest_route=\/wp\/v2\/pages\/39\/revisions"}],"predecessor-version":[{"id":314,"href":"https:\/\/dorn-methode-therapie.de\/index.php?rest_route=\/wp\/v2\/pages\/39\/revisions\/314"}],"up":[{"embeddable":true,"href":"https:\/\/dorn-methode-therapie.de\/index.php?rest_route=\/wp\/v2\/pages\/35"}],"wp:attachment":[{"href":"https:\/\/dorn-methode-therapie.de\/index.php?rest_route=%2Fwp%2Fv2%2Fmedia&parent=39"}],"curies":[{"name":"wp","href":"https:\/\/api.w.org\/{rel}","templated":true}]}}