{"id":340,"date":"2021-03-14T12:32:18","date_gmt":"2021-03-14T11:32:18","guid":{"rendered":"https:\/\/dorn-methode-therapie.de\/?page_id=340"},"modified":"2021-03-29T14:40:14","modified_gmt":"2021-03-29T12:40:14","slug":"naturheilkunde-und-dorn-methode-therapie","status":"publish","type":"page","link":"https:\/\/dorn-methode-therapie.de\/?page_id=340","title":{"rendered":"Naturheilkunde und Dorn-Methode\/Therapie"},"content":{"rendered":"\t\t<div data-elementor-type=\"wp-page\" data-elementor-id=\"340\" class=\"elementor elementor-340\">\n\t\t\t\t\t\t<div class=\"elementor-inner\">\n\t\t\t\t<div class=\"elementor-section-wrap\">\n\t\t\t\t\t\t\t\t\t<section class=\"elementor-section elementor-top-section elementor-element elementor-element-165b7878 elementor-section-boxed elementor-section-height-default elementor-section-height-default\" data-id=\"165b7878\" data-element_type=\"section\">\n\t\t\t\t\t\t<div class=\"elementor-container elementor-column-gap-default\">\n\t\t\t\t\t\t\t<div class=\"elementor-row\">\n\t\t\t\t\t<div class=\"elementor-column elementor-col-100 elementor-top-column elementor-element elementor-element-1aee771e\" data-id=\"1aee771e\" data-element_type=\"column\">\n\t\t\t<div class=\"elementor-column-wrap elementor-element-populated\">\n\t\t\t\t\t\t\t<div class=\"elementor-widget-wrap\">\n\t\t\t\t\t\t<div class=\"elementor-element elementor-element-1ad6386 elementor-widget elementor-widget-heading\" data-id=\"1ad6386\" data-element_type=\"widget\" data-widget_type=\"heading.default\">\n\t\t\t\t<div class=\"elementor-widget-container\">\n\t\t\t<h1 class=\"elementor-heading-title elementor-size-default\">Naturheilkunde und Dorn-Methode\/-Therapie\n<\/h1>\t\t<\/div>\n\t\t\t\t<\/div>\n\t\t\t\t\t\t<\/div>\n\t\t\t\t\t<\/div>\n\t\t<\/div>\n\t\t\t\t\t\t\t\t<\/div>\n\t\t\t\t\t<\/div>\n\t\t<\/section>\n\t\t\t\t<section class=\"elementor-section elementor-top-section elementor-element elementor-element-5fa2cde elementor-section-boxed elementor-section-height-default elementor-section-height-default\" data-id=\"5fa2cde\" data-element_type=\"section\">\n\t\t\t\t\t\t<div class=\"elementor-container elementor-column-gap-default\">\n\t\t\t\t\t\t\t<div class=\"elementor-row\">\n\t\t\t\t\t<div class=\"elementor-column elementor-col-50 elementor-top-column elementor-element elementor-element-fb0d622\" data-id=\"fb0d622\" data-element_type=\"column\">\n\t\t\t<div class=\"elementor-column-wrap elementor-element-populated\">\n\t\t\t\t\t\t\t<div class=\"elementor-widget-wrap\">\n\t\t\t\t\t\t<div class=\"elementor-element elementor-element-9e06b6d elementor-widget elementor-widget-image\" data-id=\"9e06b6d\" data-element_type=\"widget\" data-widget_type=\"image.default\">\n\t\t\t\t<div class=\"elementor-widget-container\">\n\t\t\t\t\t\t\t\t<div class=\"elementor-image\">\n\t\t\t\t\t\t\t\t\t\t\t\t<img decoding=\"async\" width=\"768\" height=\"1152\" src=\"https:\/\/dorn-methode-therapie.de\/wp-content\/uploads\/2021\/03\/pexels-tara-winstead-6694183-768x1152.jpg\" class=\"attachment-medium_large size-medium_large wp-image-354\" alt=\"\" loading=\"lazy\" srcset=\"https:\/\/dorn-methode-therapie.de\/wp-content\/uploads\/2021\/03\/pexels-tara-winstead-6694183-768x1152.jpg 768w, https:\/\/dorn-methode-therapie.de\/wp-content\/uploads\/2021\/03\/pexels-tara-winstead-6694183-200x300.jpg 200w, https:\/\/dorn-methode-therapie.de\/wp-content\/uploads\/2021\/03\/pexels-tara-winstead-6694183-683x1024.jpg 683w, https:\/\/dorn-methode-therapie.de\/wp-content\/uploads\/2021\/03\/pexels-tara-winstead-6694183-1024x1536.jpg 1024w, https:\/\/dorn-methode-therapie.de\/wp-content\/uploads\/2021\/03\/pexels-tara-winstead-6694183-1365x2048.jpg 1365w, https:\/\/dorn-methode-therapie.de\/wp-content\/uploads\/2021\/03\/pexels-tara-winstead-6694183-scaled.jpg 1707w\" sizes=\"(max-width: 768px) 100vw, 768px\" \/>\t\t\t\t\t\t\t\t\t\t\t\t\t\t<\/div>\n\t\t\t\t\t\t<\/div>\n\t\t\t\t<\/div>\n\t\t\t\t\t\t<\/div>\n\t\t\t\t\t<\/div>\n\t\t<\/div>\n\t\t\t\t<div class=\"elementor-column elementor-col-50 elementor-top-column elementor-element elementor-element-1f7335b\" data-id=\"1f7335b\" data-element_type=\"column\">\n\t\t\t<div class=\"elementor-column-wrap elementor-element-populated\">\n\t\t\t\t\t\t\t<div class=\"elementor-widget-wrap\">\n\t\t\t\t\t\t<div class=\"elementor-element elementor-element-2b34a3cc elementor-widget elementor-widget-text-editor\" data-id=\"2b34a3cc\" data-element_type=\"widget\" data-widget_type=\"text-editor.default\">\n\t\t\t\t<div class=\"elementor-widget-container\">\n\t\t\t\t\t\t\t\t<div class=\"elementor-text-editor elementor-clearfix\">\n\t\t\t\t<p>Die Naturheilkunde besteht aus Naturheilverfahren, die im Wesentlichen ohne Hilfsmittel auskommen. Es sind Therapien aus der Komplement\u00e4rmedizin, die mit \u201enat\u00fcrlichen Kr\u00e4ften oder Heilmitteln\u201c wie Wasser, Erde, Luft, K\u00e4lte, W\u00e4rme, Licht\/Sonne, Nahrung, Entspannung, Bewegung, Ruhe\/Erholung, Atmung und Gedanken arbeiten. Es werden Therapien\/Reize wie Massagen, Schr\u00f6pfen, Blutegel, Heilpflanzen\/Phytotherapie, Hydrotherapie\/Wasseranwendung, Bewegungstherapie, Ordnungstherapie und di\u00e4tetische Hinweise angewendet. Das Ziel ist die St\u00e4rkung der Selbstheilungskr\u00e4fte des Menschen und die Prophylaxe der Gesundheit mit einer naturgem\u00e4\u00dfen Lebensweise.<\/p>\n<p>Die Dorn-Therapie kann als ein Teil der Naturheilkunde gesehen werden. Die drei S\u00e4ulen der Dorn-Methode sind die Therapie, die Ganzheitlichkeit der Ursachen-Analyse und die Prophylaxe. Der Patient wird an der Wirbels\u00e4ule und den Gelenken behandelt, um Beschwerden zu lindern und das Regenerationssystem zu unterst\u00fctzen. Jeder Patient erh\u00e4lt spezifische Eigen\u00fcbungen als Prophylaxe. Dieses Konzept passt gut in Naturheilkundlich orientierte Praxen und kann mit anderen Therapien kombiniert werden.<\/p>\n<p><br><\/p>\t\t\t\t\t<\/div>\n\t\t\t\t\t\t<\/div>\n\t\t\t\t<\/div>\n\t\t\t\t\t\t<\/div>\n\t\t\t\t\t<\/div>\n\t\t<\/div>\n\t\t\t\t\t\t\t\t<\/div>\n\t\t\t\t\t<\/div>\n\t\t<\/section>\n\t\t\t\t\t\t\t\t\t<\/div>\n\t\t\t<\/div>\n\t\t\t\t\t<\/div>\n\t\t","protected":false},"excerpt":{"rendered":"<p>Naturheilkunde und Dorn-Methode\/-Therapie Die Naturheilkunde besteht aus Naturheilverfahren, die im Wesentlichen ohne Hilfsmittel auskommen. Es sind Therapien aus der Komplement\u00e4rmedizin, die mit \u201enat\u00fcrlichen Kr\u00e4ften oder Heilmitteln\u201c wie Wasser, Erde, Luft, K\u00e4lte, W\u00e4rme, Licht\/Sonne, Nahrung, Entspannung, Bewegung, Ruhe\/Erholung, Atmung und Gedanken arbeiten. Es werden Therapien\/Reize wie Massagen, Schr\u00f6pfen, Blutegel, Heilpflanzen\/Phytotherapie, Hydrotherapie\/Wasseranwendung, Bewegungstherapie, Ordnungstherapie und di\u00e4tetische Hinweise [&hellip;]<\/p>\n","protected":false},"author":1,"featured_media":0,"parent":35,"menu_order":0,"comment_status":"closed","ping_status":"closed","template":"","meta":[],"_links":{"self":[{"href":"https:\/\/dorn-methode-therapie.de\/index.php?rest_route=\/wp\/v2\/pages\/340"}],"collection":[{"href":"https:\/\/dorn-methode-therapie.de\/index.php?rest_route=\/wp\/v2\/pages"}],"about":[{"href":"https:\/\/dorn-methode-therapie.de\/index.php?rest_route=\/wp\/v2\/types\/page"}],"author":[{"embeddable":true,"href":"https:\/\/dorn-methode-therapie.de\/index.php?rest_route=\/wp\/v2\/users\/1"}],"replies":[{"embeddable":true,"href":"https:\/\/dorn-methode-therapie.de\/index.php?rest_route=%2Fwp%2Fv2%2Fcomments&post=340"}],"version-history":[{"count":5,"href":"https:\/\/dorn-methode-therapie.de\/index.php?rest_route=\/wp\/v2\/pages\/340\/revisions"}],"predecessor-version":[{"id":360,"href":"https:\/\/dorn-methode-therapie.de\/index.php?rest_route=\/wp\/v2\/pages\/340\/revisions\/360"}],"up":[{"embeddable":true,"href":"https:\/\/dorn-methode-therapie.de\/index.php?rest_route=\/wp\/v2\/pages\/35"}],"wp:attachment":[{"href":"https:\/\/dorn-methode-therapie.de\/index.php?rest_route=%2Fwp%2Fv2%2Fmedia&parent=340"}],"curies":[{"name":"wp","href":"https:\/\/api.w.org\/{rel}","templated":true}]}}