{"id":33,"date":"2020-04-16T15:02:54","date_gmt":"2020-04-16T13:02:54","guid":{"rendered":"http:\/\/localhost:8080\/?page_id=33"},"modified":"2020-04-28T14:49:52","modified_gmt":"2020-04-28T12:49:52","slug":"behandlungsablauf-der-dorn-methode","status":"publish","type":"page","link":"https:\/\/dorn-methode-therapie.de\/?page_id=33","title":{"rendered":"Behandlungsablauf der Dorn-Methode"},"content":{"rendered":"<h1 class=\"western\">Behandlungsablauf der Dorn-Therapie<\/h1>\n<p><span style=\"font-family: Times New Roman, serif;\"><span style=\"font-size: medium;\"><img decoding=\"async\" loading=\"lazy\" class=\"size-full wp-image-101 alignleft\" src=\"http:\/\/dornme.wpstage.covomedia.com\/wp-content\/uploads\/2020\/04\/behandlungsablauf.jpg\" alt=\"\" width=\"220\" height=\"146\" \/>Die Dorn-Therapie ist eine Behandlung des Menschen und seiner Wirbels\u00e4ule und Gelenke bei Schmerzen, Kribbeln, Taubheit und seitenunterschiedlichen K\u00f6rperwahrnehmungen etc. Diese Beschwerden k\u00f6nnen akut oder seit Jahren chronisch im R\u00fccken, Beinen, Armen oder Kopf bestehen. Mit der Dorn-Therapie wird in der Regel zwei bis vier Behandlungen ben\u00f6tigt und bei jeder Behandlung erh\u00e4lt der Patient Eigen\u00fcbungen, die er regelm\u00e4\u00dfig ausf\u00fchren sollte. Die meisten Dorn-Therapeuten nehmen sich f\u00fcr eine Behandlung eine Stunde Zeit, um eine sorgf\u00e4ltige Befragung und Behandlung des Patienten durchf\u00fchren und auf den Patienten optimal eingehen zu k\u00f6nnen. Wegen den vielfachen Zusammenh\u00e4ngen im Menschen kann sich eine Wirbelblockade im gesamten K\u00f6rper auswirken, deswegen wird die gesamt Wirbels\u00e4ule behandelt. Einige Dorn-Therapeuten behandeln lediglich die schmerzhaften Abschnitte der Wirbels\u00e4ule, um weniger Zeit f\u00fcr die Behandlung zu ben\u00f6tigen. Die Befundung und Behandlung der Wirbels\u00e4ule und Gelenke erfolgt mit den H\u00e4nden. Manche Therapeuten verwenden auch Hilfsger\u00e4te. Die Dorn-Therapie ist KEINE Chiropraktik! Der Patient arbeitet immer w\u00e4hrend der Behandlung mit und kann es kontrollieren. Dorn arbeitet ohne Sto\u00dfen, Rei\u00dfen, Ziehen und Geschwindigkeit! Die Dorn-Therapie zielt auf die Selbst\u00e4ndigkeit des Patienten hin.<\/span><\/span><\/p>\n<h2 class=\"western\">Ablauf einer Behandlung:<\/h2>\n<p><span style=\"font-family: Times New Roman, serif;\"><span style=\"font-size: medium;\">1. Zuerst befragt der Therapeut den Patient genau nach seinen Beschwerden seit wann, wo und wie sie aufgetreten sind. Welche Untersuchungsformen wurden bisher angewendet und welche Diagnosen bestehen? Notwendige Testungen zur Abkl\u00e4rung von Beschwerden nimmt er vor. Kontraindikation\/Gegenanzeigen kl\u00e4rt er ab.<\/span><\/span><\/p>\n<p><span style=\"font-family: Times New Roman, serif;\"><span style=\"font-size: medium;\">2. Bei jeder Behandlung wird die Beinl\u00e4nge befundet und bei einer Differenz behandelt, da gleiche Beinl\u00e4ngen wichtig f\u00fcr die mittel- und langfristige Stabilit\u00e4t und Belastungsf\u00e4higkeit der Wirbels\u00e4ule sind. Das Becken ruht auf den beiden Beinen und ist die Basis der aufrechten Wirbels\u00e4ule vom Kreuzbein bis zur Halswirbels\u00e4ule. Steht die Basis horizontal kann die Wirbels\u00e4ule meist gerade aufgerichtet sein und hat eine stabilere Statik zur Folge. Eine Dorn-Behandlung ohne die Beingelenke zu behandeln ist unvollst\u00e4ndig, weil der Patient aus seiner Fehlhaltung heraus kommen sollte und selbst daf\u00fcr Sorge tragen kann. Dies kann der Patient mit seinen eigenen Augen und mit seiner K\u00f6rperwahrnehmung erfahren und versteht so den Sinn der Eigen\u00fcbungen besser. An mindestens einem Bein werden das H\u00fcft-, Knie- und Sprunggelenk behandelt.<\/span><\/span><\/p>\n<p><span style=\"font-family: Times New Roman, serif;\"><span style=\"font-size: medium;\">3. Danach wird mit dem Abtasten und Behandeln der Wirbels\u00e4ule vom Kreuz- und Stei\u00dfbein bis zur unteren Brustwirbels\u00e4ule im Stehen begonnen. Bei der Behandlung pendelt der Patient mit einem Bein.<\/span><\/span><\/p>\n<p><span style=\"font-family: Times New Roman, serif;\"><span style=\"font-size: medium;\">4. Nun setzt sich der Patient auf einen bereitstehenden Hocker und st\u00fctzt sich vorne ab, w\u00e4hrend der Therapeut die mittlere und obere Brustwirbels\u00e4ule ertastet und behandelt. Bei der Behandlung pendelt der Patient mit einem oder zwei Armen.<\/span><\/span><\/p>\n<p><span style=\"font-family: Times New Roman, serif;\"><span style=\"font-size: medium;\">5. F\u00fcr die Halswirbels\u00e4ule bleibt der Patient sitzen und der Therapeut ertastet und behandelt die Halswirbels\u00e4ule. Bei der Behandlung dreht der Patient seinen Kopf fortlaufend nach rechts und links.<\/span><\/span><\/p>\n<p><span style=\"font-family: Times New Roman, serif;\"><span style=\"font-size: medium;\">6. Nach den jeweiligen Abschnitten kann der Therapeut die individuell symptomprovozierende Bewegung oder Haltung den Patienten ausf\u00fchren lassen, um eine R\u00fcckmeldung \u00fcber die Ver\u00e4nderung zu erhalten. Manchmal k\u00f6nnen Symptome auch \u00fcber die n\u00e4chsten Tage abklingen.<\/span><\/span><\/p>\n<p><span style=\"font-family: Times New Roman, serif;\"><span style=\"font-size: medium;\">7. Nach der Behandlung der Wirbels\u00e4ule kann abh\u00e4ngig von den Anfangsbeschwerden des Patienten es noch wichtig sein, dysfunktionelle\/blockierte Gelenke an Armen, Beinen, Kiefergelenk oder Rippen zu befunden und behandeln.<\/span><\/span><\/p>\n<p><span style=\"font-family: Times New Roman, serif;\"><span style=\"font-size: medium;\">8. Am Ende erh\u00e4lt der Patient ein Merkblatt, mit den f\u00fcr ihn wichtigen \u00dcbungen in Wort und Bild. Auf diesem Blatt stehen die Ausgleichs\u00fcbungen f\u00fcr Beinl\u00e4ngendifferenzen und auch alle anderen Eigen\u00fcbungen. Die spezifischen Eigen\u00fcbungen sind dem Beschwerdebild entsprechend w\u00e4hrend der Behandlung besprochen und ge\u00fcbt worden.<\/span><\/span><\/p>\n<p><span style=\"font-family: Times New Roman, serif;\"><span style=\"font-size: medium;\">Eine Breu\u00df-Massage kann vor oder nach der Dorn-Behandlung gegeben werden. Sie ist eine Abrundung einer Behandlung der Wirbels\u00e4ule. Sie entspannt den R\u00fccken und kann auch tiefgreifender wirken. Die Anwendung h\u00e4ngt vom Therapeut ab und dem bisherigen Ablauf der jeweiligen Behandlung.<\/span><\/span><\/p>\n<p><span style=\"font-family: Times New Roman, serif;\"><span style=\"font-size: medium;\">Informationen \u00fcber die Dorn-Methode k\u00f6nnen Sie in einigen B\u00fcchern nachlesen. Auch Dieter Dorn hat 2 B\u00fccher, die im Integral-Verlag erschienen sind, geschrieben.<\/span><\/span><\/p>\n","protected":false},"excerpt":{"rendered":"<p>Behandlungsablauf der Dorn-Therapie Die Dorn-Therapie ist eine Behandlung des Menschen und seiner Wirbels\u00e4ule und Gelenke bei Schmerzen, Kribbeln, Taubheit und seitenunterschiedlichen K\u00f6rperwahrnehmungen etc. Diese Beschwerden k\u00f6nnen akut oder seit Jahren chronisch im R\u00fccken, Beinen, Armen oder Kopf bestehen. Mit der Dorn-Therapie wird in der Regel zwei bis vier Behandlungen ben\u00f6tigt und bei jeder Behandlung erh\u00e4lt [&hellip;]<\/p>\n","protected":false},"author":1,"featured_media":0,"parent":31,"menu_order":0,"comment_status":"closed","ping_status":"closed","template":"","meta":[],"_links":{"self":[{"href":"https:\/\/dorn-methode-therapie.de\/index.php?rest_route=\/wp\/v2\/pages\/33"}],"collection":[{"href":"https:\/\/dorn-methode-therapie.de\/index.php?rest_route=\/wp\/v2\/pages"}],"about":[{"href":"https:\/\/dorn-methode-therapie.de\/index.php?rest_route=\/wp\/v2\/types\/page"}],"author":[{"embeddable":true,"href":"https:\/\/dorn-methode-therapie.de\/index.php?rest_route=\/wp\/v2\/users\/1"}],"replies":[{"embeddable":true,"href":"https:\/\/dorn-methode-therapie.de\/index.php?rest_route=%2Fwp%2Fv2%2Fcomments&post=33"}],"version-history":[{"count":3,"href":"https:\/\/dorn-methode-therapie.de\/index.php?rest_route=\/wp\/v2\/pages\/33\/revisions"}],"predecessor-version":[{"id":145,"href":"https:\/\/dorn-methode-therapie.de\/index.php?rest_route=\/wp\/v2\/pages\/33\/revisions\/145"}],"up":[{"embeddable":true,"href":"https:\/\/dorn-methode-therapie.de\/index.php?rest_route=\/wp\/v2\/pages\/31"}],"wp:attachment":[{"href":"https:\/\/dorn-methode-therapie.de\/index.php?rest_route=%2Fwp%2Fv2%2Fmedia&parent=33"}],"curies":[{"name":"wp","href":"https:\/\/api.w.org\/{rel}","templated":true}]}}