{"id":304,"date":"2020-12-14T15:06:13","date_gmt":"2020-12-14T14:06:13","guid":{"rendered":"https:\/\/dorn-methode-therapie.de\/?page_id=304"},"modified":"2021-03-18T19:47:44","modified_gmt":"2021-03-18T18:47:44","slug":"logopaedie-und-dorn-methode-therapie","status":"publish","type":"page","link":"https:\/\/dorn-methode-therapie.de\/?page_id=304","title":{"rendered":"Logop\u00e4die und Dorn-Methode\/-Therapie"},"content":{"rendered":"\t\t<div data-elementor-type=\"wp-page\" data-elementor-id=\"304\" class=\"elementor elementor-304\">\n\t\t\t\t\t\t<div class=\"elementor-inner\">\n\t\t\t\t<div class=\"elementor-section-wrap\">\n\t\t\t\t\t\t\t\t\t<section class=\"elementor-section elementor-top-section elementor-element elementor-element-6f659e18 elementor-section-boxed elementor-section-height-default elementor-section-height-default\" data-id=\"6f659e18\" data-element_type=\"section\">\n\t\t\t\t\t\t<div class=\"elementor-container elementor-column-gap-default\">\n\t\t\t\t\t\t\t<div class=\"elementor-row\">\n\t\t\t\t\t<div class=\"elementor-column elementor-col-100 elementor-top-column elementor-element elementor-element-35b95b40\" data-id=\"35b95b40\" data-element_type=\"column\">\n\t\t\t<div class=\"elementor-column-wrap elementor-element-populated\">\n\t\t\t\t\t\t\t<div class=\"elementor-widget-wrap\">\n\t\t\t\t\t\t<div class=\"elementor-element elementor-element-27fd0ed elementor-widget elementor-widget-heading\" data-id=\"27fd0ed\" data-element_type=\"widget\" data-widget_type=\"heading.default\">\n\t\t\t\t<div class=\"elementor-widget-container\">\n\t\t\t<h1 class=\"elementor-heading-title elementor-size-default\">Logop\u00e4die und Dorn-Methode\/-Therapie\n<\/h1>\t\t<\/div>\n\t\t\t\t<\/div>\n\t\t\t\t\t\t<\/div>\n\t\t\t\t\t<\/div>\n\t\t<\/div>\n\t\t\t\t\t\t\t\t<\/div>\n\t\t\t\t\t<\/div>\n\t\t<\/section>\n\t\t\t\t<section class=\"elementor-section elementor-top-section elementor-element elementor-element-d79eda7 elementor-section-boxed elementor-section-height-default elementor-section-height-default\" data-id=\"d79eda7\" data-element_type=\"section\">\n\t\t\t\t\t\t<div class=\"elementor-container elementor-column-gap-default\">\n\t\t\t\t\t\t\t<div class=\"elementor-row\">\n\t\t\t\t\t<div class=\"elementor-column elementor-col-33 elementor-top-column elementor-element elementor-element-a4d56ce\" data-id=\"a4d56ce\" data-element_type=\"column\">\n\t\t\t<div class=\"elementor-column-wrap elementor-element-populated\">\n\t\t\t\t\t\t\t<div class=\"elementor-widget-wrap\">\n\t\t\t\t\t\t<div class=\"elementor-element elementor-element-73c37d3 elementor-widget elementor-widget-image\" data-id=\"73c37d3\" data-element_type=\"widget\" data-widget_type=\"image.default\">\n\t\t\t\t<div class=\"elementor-widget-container\">\n\t\t\t\t\t\t\t\t<div class=\"elementor-image\">\n\t\t\t\t\t\t\t\t\t\t\t\t<img decoding=\"async\" width=\"1024\" height=\"768\" src=\"https:\/\/dorn-methode-therapie.de\/wp-content\/uploads\/2020\/12\/pexels-public-domain-pictures-41542-1024x768.jpg\" class=\"attachment-large size-large wp-image-307\" alt=\"\" loading=\"lazy\" srcset=\"https:\/\/dorn-methode-therapie.de\/wp-content\/uploads\/2020\/12\/pexels-public-domain-pictures-41542-1024x768.jpg 1024w, https:\/\/dorn-methode-therapie.de\/wp-content\/uploads\/2020\/12\/pexels-public-domain-pictures-41542-300x225.jpg 300w, https:\/\/dorn-methode-therapie.de\/wp-content\/uploads\/2020\/12\/pexels-public-domain-pictures-41542-768x576.jpg 768w, https:\/\/dorn-methode-therapie.de\/wp-content\/uploads\/2020\/12\/pexels-public-domain-pictures-41542-1536x1152.jpg 1536w, https:\/\/dorn-methode-therapie.de\/wp-content\/uploads\/2020\/12\/pexels-public-domain-pictures-41542-2048x1536.jpg 2048w\" sizes=\"(max-width: 1024px) 100vw, 1024px\" \/>\t\t\t\t\t\t\t\t\t\t\t\t\t\t<\/div>\n\t\t\t\t\t\t<\/div>\n\t\t\t\t<\/div>\n\t\t\t\t\t\t<\/div>\n\t\t\t\t\t<\/div>\n\t\t<\/div>\n\t\t\t\t<div class=\"elementor-column elementor-col-33 elementor-top-column elementor-element elementor-element-8024793\" data-id=\"8024793\" data-element_type=\"column\">\n\t\t\t<div class=\"elementor-column-wrap elementor-element-populated\">\n\t\t\t\t\t\t\t<div class=\"elementor-widget-wrap\">\n\t\t\t\t\t\t<div class=\"elementor-element elementor-element-31319144 elementor-widget elementor-widget-text-editor\" data-id=\"31319144\" data-element_type=\"widget\" data-widget_type=\"text-editor.default\">\n\t\t\t\t<div class=\"elementor-widget-container\">\n\t\t\t\t\t\t\t\t<div class=\"elementor-text-editor elementor-clearfix\">\n\t\t\t\tDie Logop\u00e4die befasst sich mit der Diagnostik, Therapie, Beratung und Pr\u00e4vention von Sprach-, Sprech-, Stimm- und Schluckst\u00f6rungen.\r\nEinschr\u00e4nkungen k\u00f6nnen zentralneurologisch, peripher oder im Funktionsverbund verursacht sein.\r\nDie Zusammenarbeit mit der Dorn-Therapie (L\u00f6sung von Dysfunktionen der Halswirbels\u00e4ule, Brustwirbels\u00e4ule und des Kiefergelenkes) kann beispielsweise die Nervenfunktionen der Ansteuerung und Spannungsregulation der Weichteile wie Muskulatur, Faszien, Bindegewebe im Sprachapparat (Kehlkopf, Schlund, Rachen, Mund, Zunge, Z\u00e4hne) verbessern.\r\n<span style=\"display:none\">logop\u00e4die dorn therapie prophylaxe sprache sprechen st\u00f6rung wirbel gelenk\r\n<\/span>\t\t\t\t\t<\/div>\n\t\t\t\t\t\t<\/div>\n\t\t\t\t<\/div>\n\t\t\t\t\t\t<\/div>\n\t\t\t\t\t<\/div>\n\t\t<\/div>\n\t\t\t\t<div class=\"elementor-column elementor-col-33 elementor-top-column elementor-element elementor-element-bc3cd2e\" data-id=\"bc3cd2e\" data-element_type=\"column\">\n\t\t\t<div class=\"elementor-column-wrap\">\n\t\t\t\t\t\t\t<div class=\"elementor-widget-wrap\">\n\t\t\t\t\t\t\t\t<\/div>\n\t\t\t\t\t<\/div>\n\t\t<\/div>\n\t\t\t\t\t\t\t\t<\/div>\n\t\t\t\t\t<\/div>\n\t\t<\/section>\n\t\t\t\t\t\t\t\t\t<\/div>\n\t\t\t<\/div>\n\t\t\t\t\t<\/div>\n\t\t","protected":false},"excerpt":{"rendered":"<p>Logop\u00e4die und Dorn-Methode\/-Therapie Die Logop\u00e4die befasst sich mit der Diagnostik, Therapie, Beratung und Pr\u00e4vention von Sprach-, Sprech-, Stimm- und Schluckst\u00f6rungen. Einschr\u00e4nkungen k\u00f6nnen zentralneurologisch, peripher oder im Funktionsverbund verursacht sein. Die Zusammenarbeit mit der Dorn-Therapie (L\u00f6sung von Dysfunktionen der Halswirbels\u00e4ule, Brustwirbels\u00e4ule und des Kiefergelenkes) kann beispielsweise die Nervenfunktionen der Ansteuerung und Spannungsregulation der Weichteile wie Muskulatur, [&hellip;]<\/p>\n","protected":false},"author":1,"featured_media":0,"parent":35,"menu_order":0,"comment_status":"closed","ping_status":"closed","template":"","meta":[],"_links":{"self":[{"href":"https:\/\/dorn-methode-therapie.de\/index.php?rest_route=\/wp\/v2\/pages\/304"}],"collection":[{"href":"https:\/\/dorn-methode-therapie.de\/index.php?rest_route=\/wp\/v2\/pages"}],"about":[{"href":"https:\/\/dorn-methode-therapie.de\/index.php?rest_route=\/wp\/v2\/types\/page"}],"author":[{"embeddable":true,"href":"https:\/\/dorn-methode-therapie.de\/index.php?rest_route=\/wp\/v2\/users\/1"}],"replies":[{"embeddable":true,"href":"https:\/\/dorn-methode-therapie.de\/index.php?rest_route=%2Fwp%2Fv2%2Fcomments&post=304"}],"version-history":[{"count":4,"href":"https:\/\/dorn-methode-therapie.de\/index.php?rest_route=\/wp\/v2\/pages\/304\/revisions"}],"predecessor-version":[{"id":350,"href":"https:\/\/dorn-methode-therapie.de\/index.php?rest_route=\/wp\/v2\/pages\/304\/revisions\/350"}],"up":[{"embeddable":true,"href":"https:\/\/dorn-methode-therapie.de\/index.php?rest_route=\/wp\/v2\/pages\/35"}],"wp:attachment":[{"href":"https:\/\/dorn-methode-therapie.de\/index.php?rest_route=%2Fwp%2Fv2%2Fmedia&parent=304"}],"curies":[{"name":"wp","href":"https:\/\/api.w.org\/{rel}","templated":true}]}}