{"id":298,"date":"2020-12-14T15:00:58","date_gmt":"2020-12-14T14:00:58","guid":{"rendered":"https:\/\/dorn-methode-therapie.de\/?page_id=298"},"modified":"2021-03-18T19:48:25","modified_gmt":"2021-03-18T18:48:25","slug":"innere-organe-und-dorn-therapie","status":"publish","type":"page","link":"https:\/\/dorn-methode-therapie.de\/?page_id=298","title":{"rendered":"Innere Organe und Dorn-Therapie"},"content":{"rendered":"\t\t<div data-elementor-type=\"wp-page\" data-elementor-id=\"298\" class=\"elementor elementor-298\">\n\t\t\t\t\t\t<div class=\"elementor-inner\">\n\t\t\t\t<div class=\"elementor-section-wrap\">\n\t\t\t\t\t\t\t\t\t<section class=\"elementor-section elementor-top-section elementor-element elementor-element-674b62aa elementor-section-boxed elementor-section-height-default elementor-section-height-default\" data-id=\"674b62aa\" data-element_type=\"section\">\n\t\t\t\t\t\t<div class=\"elementor-container elementor-column-gap-default\">\n\t\t\t\t\t\t\t<div class=\"elementor-row\">\n\t\t\t\t\t<div class=\"elementor-column elementor-col-100 elementor-top-column elementor-element elementor-element-2636bac\" data-id=\"2636bac\" data-element_type=\"column\">\n\t\t\t<div class=\"elementor-column-wrap elementor-element-populated\">\n\t\t\t\t\t\t\t<div class=\"elementor-widget-wrap\">\n\t\t\t\t\t\t<div class=\"elementor-element elementor-element-80354a7 elementor-widget elementor-widget-heading\" data-id=\"80354a7\" data-element_type=\"widget\" data-widget_type=\"heading.default\">\n\t\t\t\t<div class=\"elementor-widget-container\">\n\t\t\t<h1 class=\"elementor-heading-title elementor-size-default\">Innere Organe und Dorn-Methode\/Therapie\n<\/h1>\t\t<\/div>\n\t\t\t\t<\/div>\n\t\t\t\t\t\t<\/div>\n\t\t\t\t\t<\/div>\n\t\t<\/div>\n\t\t\t\t\t\t\t\t<\/div>\n\t\t\t\t\t<\/div>\n\t\t<\/section>\n\t\t\t\t<section class=\"elementor-section elementor-top-section elementor-element elementor-element-f9db4af elementor-section-boxed elementor-section-height-default elementor-section-height-default\" data-id=\"f9db4af\" data-element_type=\"section\">\n\t\t\t\t\t\t<div class=\"elementor-container elementor-column-gap-default\">\n\t\t\t\t\t\t\t<div class=\"elementor-row\">\n\t\t\t\t\t<div class=\"elementor-column elementor-col-50 elementor-top-column elementor-element elementor-element-96e31dd\" data-id=\"96e31dd\" data-element_type=\"column\">\n\t\t\t<div class=\"elementor-column-wrap elementor-element-populated\">\n\t\t\t\t\t\t\t<div class=\"elementor-widget-wrap\">\n\t\t\t\t\t\t<div class=\"elementor-element elementor-element-02b4872 elementor-widget elementor-widget-image\" data-id=\"02b4872\" data-element_type=\"widget\" data-widget_type=\"image.default\">\n\t\t\t\t<div class=\"elementor-widget-container\">\n\t\t\t\t\t\t\t\t<div class=\"elementor-image\">\n\t\t\t\t\t\t\t\t\t\t\t\t<img decoding=\"async\" width=\"755\" height=\"1024\" src=\"https:\/\/dorn-methode-therapie.de\/wp-content\/uploads\/2020\/12\/Bildschirmfoto-2020-12-18-um-13.34.00-755x1024.png\" class=\"attachment-large size-large wp-image-319\" alt=\"\" loading=\"lazy\" srcset=\"https:\/\/dorn-methode-therapie.de\/wp-content\/uploads\/2020\/12\/Bildschirmfoto-2020-12-18-um-13.34.00-755x1024.png 755w, https:\/\/dorn-methode-therapie.de\/wp-content\/uploads\/2020\/12\/Bildschirmfoto-2020-12-18-um-13.34.00-221x300.png 221w, https:\/\/dorn-methode-therapie.de\/wp-content\/uploads\/2020\/12\/Bildschirmfoto-2020-12-18-um-13.34.00-768x1042.png 768w, https:\/\/dorn-methode-therapie.de\/wp-content\/uploads\/2020\/12\/Bildschirmfoto-2020-12-18-um-13.34.00-1132x1536.png 1132w, https:\/\/dorn-methode-therapie.de\/wp-content\/uploads\/2020\/12\/Bildschirmfoto-2020-12-18-um-13.34.00.png 1240w\" sizes=\"(max-width: 755px) 100vw, 755px\" \/>\t\t\t\t\t\t\t\t\t\t\t\t\t\t<\/div>\n\t\t\t\t\t\t<\/div>\n\t\t\t\t<\/div>\n\t\t\t\t\t\t<\/div>\n\t\t\t\t\t<\/div>\n\t\t<\/div>\n\t\t\t\t<div class=\"elementor-column elementor-col-50 elementor-top-column elementor-element elementor-element-1e7d662\" data-id=\"1e7d662\" data-element_type=\"column\">\n\t\t\t<div class=\"elementor-column-wrap elementor-element-populated\">\n\t\t\t\t\t\t\t<div class=\"elementor-widget-wrap\">\n\t\t\t\t\t\t<div class=\"elementor-element elementor-element-4deb1d8c elementor-widget elementor-widget-text-editor\" data-id=\"4deb1d8c\" data-element_type=\"widget\" data-widget_type=\"text-editor.default\">\n\t\t\t\t<div class=\"elementor-widget-container\">\n\t\t\t\t\t\t\t\t<div class=\"elementor-text-editor elementor-clearfix\">\n\t\t\t\tDie Organe (Herz, Lunge, Magen, Gallenblase, Leber, D\u00fcnndarm, Dickdarm, Blase, Niere, Bauchspeicheldr\u00fcse, Milz und auch am Kopf Auge, Nase, Ohren, Mund und Zunge) des Menschen k\u00f6nnen verschiedenste Symptome und Funktionseinschr\u00e4nkungen aufweisen\/zeigen, die wiederum vielf\u00e4ltige Ursachen besitzen. Innerhalb des Menschen stehen die Organe mit vielen Systemen in Verbindung und k\u00f6nnen sich gegenseitig beeinflussen. So steht auch das Nervensystem mit den Organen in verschiedenen Verbindungen wie das vegetative Nervensystem mit Sympathikus und Parasympathikus, eine sensible und sensorische direkte Informationsversorgung oder die Hirnnerven.\r\nAuf der H\u00f6he jedes Wirbels tritt ein Nervenpaar aus, Spinalnerv genannt. Direkte strukturelle Verbindungen gibt es \u00fcber Aufh\u00e4ngung der Organe mit deren Faszien an der Wirbels\u00e4ule. Weiterhin gibt es eine empirische Zuordnung der Organe mit bestimmten Wirbeln innerhalb der Dorn-Therapie. Zus\u00e4tzlich gibt es im Muskel-Skelett-System horizontale Muskelschichten (Diaphragmen) im K\u00f6rper, die mit Informationen aus der Wirbels\u00e4ule versorgt werden. Diese Muskelschichten wiederum haben Verbindungen zu den anliegenden Organen.\r\nBei Informationen zu Beschwerden von inneren Organen ob \u00fcber die Medikationen, Operationen oder physiologischen Funktionseinschr\u00e4nkungen in den vegetativen, statischen, empirischen, sensomotorischen Systemen k\u00f6nnen \u00c4rzte, Heilpraktiker und Osteopathen im Sinne der Ursachensuche die entsprechenden Wirbel finden und als zus\u00e4tzliche M\u00f6glichkeit der Therapie nutzen.\r\n<span style=display:none>organ lunge herz leber gallenblase blase niere magen milz darm dorn therapie methode faszie<\/span>\t\t\t\t\t<\/div>\n\t\t\t\t\t\t<\/div>\n\t\t\t\t<\/div>\n\t\t\t\t\t\t<\/div>\n\t\t\t\t\t<\/div>\n\t\t<\/div>\n\t\t\t\t\t\t\t\t<\/div>\n\t\t\t\t\t<\/div>\n\t\t<\/section>\n\t\t\t\t\t\t\t\t\t<\/div>\n\t\t\t<\/div>\n\t\t\t\t\t<\/div>\n\t\t","protected":false},"excerpt":{"rendered":"<p>Innere Organe und Dorn-Methode\/Therapie Die Organe (Herz, Lunge, Magen, Gallenblase, Leber, D\u00fcnndarm, Dickdarm, Blase, Niere, Bauchspeicheldr\u00fcse, Milz und auch am Kopf Auge, Nase, Ohren, Mund und Zunge) des Menschen k\u00f6nnen verschiedenste Symptome und Funktionseinschr\u00e4nkungen aufweisen\/zeigen, die wiederum vielf\u00e4ltige Ursachen besitzen. Innerhalb des Menschen stehen die Organe mit vielen Systemen in Verbindung und k\u00f6nnen sich gegenseitig [&hellip;]<\/p>\n","protected":false},"author":1,"featured_media":0,"parent":35,"menu_order":0,"comment_status":"closed","ping_status":"closed","template":"","meta":[],"_links":{"self":[{"href":"https:\/\/dorn-methode-therapie.de\/index.php?rest_route=\/wp\/v2\/pages\/298"}],"collection":[{"href":"https:\/\/dorn-methode-therapie.de\/index.php?rest_route=\/wp\/v2\/pages"}],"about":[{"href":"https:\/\/dorn-methode-therapie.de\/index.php?rest_route=\/wp\/v2\/types\/page"}],"author":[{"embeddable":true,"href":"https:\/\/dorn-methode-therapie.de\/index.php?rest_route=\/wp\/v2\/users\/1"}],"replies":[{"embeddable":true,"href":"https:\/\/dorn-methode-therapie.de\/index.php?rest_route=%2Fwp%2Fv2%2Fcomments&post=298"}],"version-history":[{"count":7,"href":"https:\/\/dorn-methode-therapie.de\/index.php?rest_route=\/wp\/v2\/pages\/298\/revisions"}],"predecessor-version":[{"id":351,"href":"https:\/\/dorn-methode-therapie.de\/index.php?rest_route=\/wp\/v2\/pages\/298\/revisions\/351"}],"up":[{"embeddable":true,"href":"https:\/\/dorn-methode-therapie.de\/index.php?rest_route=\/wp\/v2\/pages\/35"}],"wp:attachment":[{"href":"https:\/\/dorn-methode-therapie.de\/index.php?rest_route=%2Fwp%2Fv2%2Fmedia&parent=298"}],"curies":[{"name":"wp","href":"https:\/\/api.w.org\/{rel}","templated":true}]}}