{"id":29,"date":"2020-04-16T15:02:32","date_gmt":"2020-04-16T13:02:32","guid":{"rendered":"http:\/\/localhost:8080\/?page_id=29"},"modified":"2020-05-11T12:22:53","modified_gmt":"2020-05-11T10:22:53","slug":"dorn-methode-hilfsgeraete","status":"publish","type":"page","link":"https:\/\/dorn-methode-therapie.de\/?page_id=29","title":{"rendered":"Dorn-Methode-Hilfsger\u00e4te"},"content":{"rendered":"<h1 class=\"western\">Dorn-Therapie Hilfsger\u00e4te<\/h1>\n<p><span style=\"font-family: Times New Roman, serif;\"><span style=\"font-size: medium;\"><img decoding=\"async\" loading=\"lazy\" class=\"wp-image-198 size-full alignleft\" src=\"https:\/\/dorn-methode-therapie.de\/wp-content\/uploads\/2020\/05\/hilfsger\u00e4te.jpg\" alt=\"\" width=\"220\" height=\"146\" \/>Die Dorn-Methode wird von sehr unterschiedlichen medizinischen Fachberufen angewendet. Dies zeigt sich auch in den 2 Anwendungsarten der Dorn-Methode, die ausschlie\u00dflich manuell und die mit Hilfsmittel arbeitenden Therapeuten.<br \/>\nEs gibt Hilfsger\u00e4te bei der Anwendung der Dorn-Methode. Teilweise benutzte Dieter Dorn diese Ger\u00e4te, damit er den Andrang von Hilfesuchenden bei sich zu Hause zeitlich bew\u00e4ltigen konnte. Es gibt die Therapiehilfsger\u00e4te zur Entspannung der Muskulatur und Bindegewebe im R\u00fcckenbereich, der manuell behandelt werden soll. Es gibt h\u00f6lzerne Massage-Pilze. Andererseits gibt es Ger\u00e4te, die von Patienten eingesetzt werden, um sich selbst nach einer Behandlung zu helfen. Inzwischen gibt es schon eine gro\u00dfe Vielfalt von Ger\u00e4ten\/Hilfsmitteln.<\/span><\/span><\/p>\n","protected":false},"excerpt":{"rendered":"<p>Dorn-Therapie Hilfsger\u00e4te Die Dorn-Methode wird von sehr unterschiedlichen medizinischen Fachberufen angewendet. Dies zeigt sich auch in den 2 Anwendungsarten der Dorn-Methode, die ausschlie\u00dflich manuell und die mit Hilfsmittel arbeitenden Therapeuten. Es gibt Hilfsger\u00e4te bei der Anwendung der Dorn-Methode. Teilweise benutzte Dieter Dorn diese Ger\u00e4te, damit er den Andrang von Hilfesuchenden bei sich zu Hause zeitlich [&hellip;]<\/p>\n","protected":false},"author":1,"featured_media":0,"parent":23,"menu_order":0,"comment_status":"closed","ping_status":"closed","template":"","meta":[],"_links":{"self":[{"href":"https:\/\/dorn-methode-therapie.de\/index.php?rest_route=\/wp\/v2\/pages\/29"}],"collection":[{"href":"https:\/\/dorn-methode-therapie.de\/index.php?rest_route=\/wp\/v2\/pages"}],"about":[{"href":"https:\/\/dorn-methode-therapie.de\/index.php?rest_route=\/wp\/v2\/types\/page"}],"author":[{"embeddable":true,"href":"https:\/\/dorn-methode-therapie.de\/index.php?rest_route=\/wp\/v2\/users\/1"}],"replies":[{"embeddable":true,"href":"https:\/\/dorn-methode-therapie.de\/index.php?rest_route=%2Fwp%2Fv2%2Fcomments&post=29"}],"version-history":[{"count":3,"href":"https:\/\/dorn-methode-therapie.de\/index.php?rest_route=\/wp\/v2\/pages\/29\/revisions"}],"predecessor-version":[{"id":199,"href":"https:\/\/dorn-methode-therapie.de\/index.php?rest_route=\/wp\/v2\/pages\/29\/revisions\/199"}],"up":[{"embeddable":true,"href":"https:\/\/dorn-methode-therapie.de\/index.php?rest_route=\/wp\/v2\/pages\/23"}],"wp:attachment":[{"href":"https:\/\/dorn-methode-therapie.de\/index.php?rest_route=%2Fwp%2Fv2%2Fmedia&parent=29"}],"curies":[{"name":"wp","href":"https:\/\/api.w.org\/{rel}","templated":true}]}}