{"id":27,"date":"2020-04-16T15:02:21","date_gmt":"2020-04-16T13:02:21","guid":{"rendered":"http:\/\/localhost:8080\/?page_id=27"},"modified":"2022-12-08T13:14:35","modified_gmt":"2022-12-08T12:14:35","slug":"buecher-und-literatur-der-dorn-methode","status":"publish","type":"page","link":"https:\/\/dorn-methode-therapie.de\/?page_id=27","title":{"rendered":"B\u00fccher und Literatur der Dorn Methode"},"content":{"rendered":"\t\t<div data-elementor-type=\"wp-page\" data-elementor-id=\"27\" class=\"elementor elementor-27\">\n\t\t\t\t\t\t<div class=\"elementor-inner\">\n\t\t\t\t<div class=\"elementor-section-wrap\">\n\t\t\t\t\t\t\t\t\t<section class=\"elementor-section elementor-top-section elementor-element elementor-element-454d0471 elementor-section-boxed elementor-section-height-default elementor-section-height-default\" data-id=\"454d0471\" data-element_type=\"section\">\n\t\t\t\t\t\t<div class=\"elementor-container elementor-column-gap-default\">\n\t\t\t\t\t\t\t<div class=\"elementor-row\">\n\t\t\t\t\t<div class=\"elementor-column elementor-col-100 elementor-top-column elementor-element elementor-element-2b7778e3\" data-id=\"2b7778e3\" data-element_type=\"column\">\n\t\t\t<div class=\"elementor-column-wrap elementor-element-populated\">\n\t\t\t\t\t\t\t<div class=\"elementor-widget-wrap\">\n\t\t\t\t\t\t<div class=\"elementor-element elementor-element-2b831105 elementor-widget elementor-widget-text-editor\" data-id=\"2b831105\" data-element_type=\"widget\" data-widget_type=\"text-editor.default\">\n\t\t\t\t<div class=\"elementor-widget-container\">\n\t\t\t\t\t\t\t\t<div class=\"elementor-text-editor elementor-clearfix\">\n\t\t\t\t<h1 class=\"western\">B\u00fccher, Plakate und Literatur \u00fcber die Dorn-Methode<\/h1>\n<p><span style=\"font-family: Times New Roman, serif;\"><span style=\"font-size: medium;\">Nachfolgend ist eine Liste von B\u00fcchern und Plakate aufgef\u00fchrt, die in einem \u00fcberwiegenden Anteil oder ganz \u00fcber die Dorn-Methode und Dorn-Therapie schreiben. Die Liste wird nach dem Erscheinungsdatum sortiert aufgef\u00fchrt. Es sind B\u00fccher f\u00fcr interessierte Patienten und Laien bis zu Nachschlagewerken f\u00fcr medizinische Fachberufe vorhanden.<\/span><\/span><\/p>\n<ul>\n<li><a name=\"_GoBack\"><\/a> <a href=\"https:\/\/www.dorn-praxis.de\/buecher\/\">Dorn-Plakate: \u201eWirbels\u00e4ulentherapie nach Dorn\u201c-Plakat, \u201eDorn-Therapie und Segmente\u201c-Plakat, 2 x \u201eDorn-Therapie und Meridian-Lehre\u201c-Plakate und &#8222;Dorn-Therapie und Organe&#8220;-Plakat von Sven Koch.<\/a> Komplement\u00e4rmedizinische Zusammenh\u00e4nge sind farbig und \u00fcbersichtlich f\u00fcr die Anwendung in der medizinischen Praxis erstellt.<\/li>\n<li>Dorn-Therapie f\u00fcr Hunde; Susanne Schmidt &amp; Sabine Zemla, Kynos-Verlag, 2019, ISBN 978-3-954641512<\/li>\n<li>Dorn-Therapie bei S\u00e4uglingen und Kindern; Ina Burgath, Haug-Verlag, 2015, ISBN 978-3-8304-7779-2<\/li>\n<li><a href=\"https:\/\/shop.mgo-fachverlage.de\/bu-22000395-0-dorn-therapie-und-meridian-lehre.html\" target=\"_blank\">Dorn-Therapie und Meridian-Lehre; Sven Koch, Mediengruppe Oberfranken GmbH&amp;Co.KG &#8211; Fachverlage, 2022 2.Auflage, ISBN 9783964-746153<\/a><\/li>\n\n<li><span style=\"color: #0000ff;\"><u><a href=\"https:\/\/shop.mgo-fachverlage.de\/bu-22000309-0-atlas-der-dorn-therapie.html\" target=\"_blank\">Atlas der Dorn-Therapie; Peter Bahn\/ Sven Koch\/ Gamal Raslan, Foitzick-Verlag, 2018 4.Auflage,&nbsp; ISBN 978-3947-566730<\/a><\/u><\/span><\/li>\n<li><span style=\"color: #0000ff;\"><u><a href=\"http:\/\/www.randomhouse.de\/Taschenbuch\/Die-Haltungsschule-der-Dorn-Methode\/Dieter-Dorn\/e431182.rhd\" target=\"www.randomhouse.de\/Taschenbuch\/Die-Haltungsschule-der-Dorn-Methode\/Dieter-Dorn\/e431182.rhd\" rel=\"noopener noreferrer\">Es ist nie zu sp\u00e4t f\u00fcr einen gesunden R\u00fccken; Dieter Dorn, Integral Verlag, 2009, ISBN 978-3-7787-9213-1<\/a><\/u><\/span><\/li>\n<li>Spanisch: Terapia Manual, Metodo Dorn; Gamal Raslan, Verlag Paidotribo, 2009. ISBN: 978-84-8019-816-5<\/li>\n<li><span style=\"color: #0000ff;\"><u><a href=\"http:\/\/www.randomhouse.de\/book\/edition.jsp?edi=252660&amp;men=0\" target=\"http:\/\/www.randomhouse.de\/book\/edition.jsp?edi=252660&amp;men=0\" rel=\"noopener noreferrer\">Die ganzheitliche Methode Dorn; Dieter Dorn, Integral-Verlag, 2007, ISBN 978-3-7787-9184-4<\/a><\/u><\/span><\/li>\n<li>Lehrbuch Dorn-Therapie; Olaf Breidenbach \/ Rebecca Ewert, Sonntag Verlag, 2006, ISBN 3-8304-9109-3<\/li>\n<li>Franz\u00f6sisch: La M\u00e9thode Dorn; Gerda Flemming, Aurum&nbsp; Verlag, 2005, ISBN 2-7029-0541-2<\/li>\n<li>Tschechisch:&nbsp;L\u00e9\u010den\u00ed Dornovou metodou;<span style=\"color: #0000ff;\"><\/span> Dieter Dorn \/ Gerda Flemming, Verlag: Poznani, 2005, ISBN 80-866606-32-5<span style=\"color: #ce00d4;\">&nbsp;<\/span><\/li>\n<li>Tschechisch: Dornova Metoda; Gamal Raslan, Verlag: Poznani, 2004, ISBN 978-80-86606-87-3<\/li>\n<li><span style=\"color: #0000ff;\">Der sanfte Weg zur Mitte: Die Dorn-Methode; Gamal Raslan, Aurum Verlag, 2003, ISBN 978-3-89901-3<\/span><\/li>\n<li><span style=\"color: #0000ff;\">Schmerzfrei mit der Dorn-Methode; Matthias Schwarz, Foitzick Verlag, 2003, ISBN 3-929338-22-X<\/span><\/li>\n<li>Die Dorn-Methode; Sabine Knoll, Wilhelm Goldmann Verlag, 2003, ISBN 3-442-16543-1<\/li>\n<li><span style=\"color: #0000ff;\">Heilen mit der Methode Dorn; Dieter Dorn \/ Gerda Flemming, L\u00fcchow Verlag, 2003, ISBN 3-363-03033-9<\/span><\/li>\n<li><span style=\"color: #0000ff;\">Die Dorn-Therapie; Helmuth Koch \/ Hildegard Steinhauser, Foitzick Verlag, 2001, ISBN 978-3-929338-40-9<\/span><\/li>\n<li><span style=\"color: #0000ff;\">Die Methode Dorn; Gerda Flemming, Aurum Verlag, 1997, ISBN 3-591-08407-7<\/span><\/li>\n<li>Wunder dauern etwas l\u00e4nger; Dr. med Michael Graulich, Magarethen Verlag, 1996, ist nicht mehr erh\u00e4ltlich<\/li>\n<li>\u201eHeilen\u201c \u00fcber die Wirbels\u00e4ule; Harald Fleig, Eigenverlag, 1995, ISBN 3-9805138-0-7<\/li>\n<\/ul>\t\t\t\t\t<\/div>\n\t\t\t\t\t\t<\/div>\n\t\t\t\t<\/div>\n\t\t\t\t\t\t<\/div>\n\t\t\t\t\t<\/div>\n\t\t<\/div>\n\t\t\t\t\t\t\t\t<\/div>\n\t\t\t\t\t<\/div>\n\t\t<\/section>\n\t\t\t\t\t\t\t\t\t<\/div>\n\t\t\t<\/div>\n\t\t\t\t\t<\/div>\n\t\t","protected":false},"excerpt":{"rendered":"<p>B\u00fccher, Plakate und Literatur \u00fcber die Dorn-Methode Nachfolgend ist eine Liste von B\u00fcchern und Plakate aufgef\u00fchrt, die in einem \u00fcberwiegenden Anteil oder ganz \u00fcber die Dorn-Methode und Dorn-Therapie schreiben. Die Liste wird nach dem Erscheinungsdatum sortiert aufgef\u00fchrt. Es sind B\u00fccher f\u00fcr interessierte Patienten und Laien bis zu Nachschlagewerken f\u00fcr medizinische Fachberufe vorhanden. Dorn-Plakate: \u201eWirbels\u00e4ulentherapie nach [&hellip;]<\/p>\n","protected":false},"author":1,"featured_media":180,"parent":23,"menu_order":0,"comment_status":"closed","ping_status":"closed","template":"","meta":[],"_links":{"self":[{"href":"https:\/\/dorn-methode-therapie.de\/index.php?rest_route=\/wp\/v2\/pages\/27"}],"collection":[{"href":"https:\/\/dorn-methode-therapie.de\/index.php?rest_route=\/wp\/v2\/pages"}],"about":[{"href":"https:\/\/dorn-methode-therapie.de\/index.php?rest_route=\/wp\/v2\/types\/page"}],"author":[{"embeddable":true,"href":"https:\/\/dorn-methode-therapie.de\/index.php?rest_route=\/wp\/v2\/users\/1"}],"replies":[{"embeddable":true,"href":"https:\/\/dorn-methode-therapie.de\/index.php?rest_route=%2Fwp%2Fv2%2Fcomments&post=27"}],"version-history":[{"count":16,"href":"https:\/\/dorn-methode-therapie.de\/index.php?rest_route=\/wp\/v2\/pages\/27\/revisions"}],"predecessor-version":[{"id":552,"href":"https:\/\/dorn-methode-therapie.de\/index.php?rest_route=\/wp\/v2\/pages\/27\/revisions\/552"}],"up":[{"embeddable":true,"href":"https:\/\/dorn-methode-therapie.de\/index.php?rest_route=\/wp\/v2\/pages\/23"}],"wp:featuredmedia":[{"embeddable":true,"href":"https:\/\/dorn-methode-therapie.de\/index.php?rest_route=\/wp\/v2\/media\/180"}],"wp:attachment":[{"href":"https:\/\/dorn-methode-therapie.de\/index.php?rest_route=%2Fwp%2Fv2%2Fmedia&parent=27"}],"curies":[{"name":"wp","href":"https:\/\/api.w.org\/{rel}","templated":true}]}}