{"id":25,"date":"2020-04-16T15:02:10","date_gmt":"2020-04-16T13:02:10","guid":{"rendered":"http:\/\/localhost:8080\/?page_id=25"},"modified":"2020-07-06T10:31:00","modified_gmt":"2020-07-06T08:31:00","slug":"dorn-therapie-blatt","status":"publish","type":"page","link":"https:\/\/dorn-methode-therapie.de\/?page_id=25","title":{"rendered":"Dorn-Therapie-Blatt"},"content":{"rendered":"<h1 class=\"western\">Dorn-Therapie-Blatt zur Dokumentation<\/h1>\n<p><span style=\"font-family: Times New Roman, serif;\"><span style=\"font-size: medium;\"><img decoding=\"async\" loading=\"lazy\" class=\"size-full wp-image-105 alignleft\" src=\"http:\/\/dornme.wpstage.covomedia.com\/wp-content\/uploads\/2020\/04\/blatt.jpg\" alt=\"\" width=\"220\" height=\"146\" \/>Im Rahmen der Dorn-Methode wird immer wieder die Frage nach einer Qualit\u00e4tssicherung gestellt.<\/span><\/span><\/p>\n<p><span style=\"font-family: Times New Roman, serif;\"><span style=\"font-size: medium;\">Ein Bereich dieser Fragestellung betrifft die Dokumentation der Behandlung und damit die Reproduzierbarkeit der Dorn-Therapie.<\/span><\/span><\/p>\n<p><span style=\"font-family: Times New Roman, serif;\"><span style=\"font-size: medium;\">Um innerhalb dieser Qualit\u00e4tsfrage weiter zu kommen, mu\u00df erst einmal eine gemeinsame Sprache gefunden werden. Welche Strukturen und in welchen Ebenen wird ertastet und daraus folgend auch behandelt?<\/span><\/span><\/p>\n<p><span style=\"font-family: Times New Roman, serif;\"><span style=\"font-size: medium;\">Eine gleiche Sprache und Wortwahl kann es \u00fcber ein \u00e4hnliches oder gemeinsames Therapie-Blatt zur Dokumentation geben. Dieses sollte verschiedene Kriterien erf\u00fcllen wie z.B.: Klarheit in der Handhabung und dadurch schnelle Anwendung, effiziente Gestaltung, kompakte Strukturierung f\u00fcr die spezifischen Anspr\u00fcche der Therapie, Integrierung in die bisherigen Diagnosebl\u00e4tter und Patientenkarteien, Verwendbarkeit bei den verschiedenen Aspekten der Dornbehandlung.<\/span><\/span><\/p>\n<p><span style=\"font-family: Times New Roman, serif;\"><span style=\"font-size: medium;\">Generell besteht eine Dokumentationspflicht f\u00fcr alle medizinischen Fachberufe \u00fcber die Sorgfaltspflicht!<\/span><\/span><\/p>\n<p><span style=\"font-family: Times New Roman, serif;\"><span style=\"font-size: medium;\">Jeder Therapeut ist wegen der Sorgfaltspflicht zu einer Niederschrift von Befragung, Befund und Behandlung angehalten, auch im Sinne eines Nachweises wenn es um eine Nachbetrachtung von Behandlungen geht. Dies ist durch das Therapie-Blatt vollst\u00e4ndig erf\u00fcllt. Aber diese Pflicht m\u00f6chte ich im positiven Sinn sehen, mit forschendem Geist gegen\u00fcber der eigenen Arbeit zu stehen und immer wieder von einem anderen Standpunkt und Aspekt m\u00f6gliche aktuelle Zusammenh\u00e4nge beim Patienten erkennen und behandeln zu k\u00f6nnen.<\/span><\/span><\/p>\n<p><span style=\"font-family: Times New Roman, serif;\"><span style=\"font-size: medium;\">Die notierten Eigen\u00fcbungen f\u00fcr den Patienten kann der Therapeut bei einer Folgebehandlung kurz \u00fcberpr\u00fcfen, auf diese Weise ein Bild \u00fcber die Mitarbeit erhalten und eventuell n\u00f6tige Korrekturen geben. Die Gr\u00f6\u00dfe DIN A 5 ist f\u00fcr das Therapie-Blatt empfehlenswert, da die Patientenkarteien dem meist entsprechen und so als Einlageblatt gut pa\u00dft.<\/span><\/span><\/p>\n<h4 class=\"western\"><span style=\"color: #0000ff;\"><u><a href=\"https:\/\/dorn-methode-therapie.de\/wp-content\/uploads\/2020\/07\/Diagnosezettel-DornMethodeTherapie.pdf\" target=\"_blank\" rel=\"noopener noreferrer\"><span style=\"font-family: Times New Roman, serif;\"><span style=\"font-size: medium;\">Hier k\u00f6nnen Sie sich das Therapieblatt herunterladen: klick<\/span><\/span><\/a><\/u><\/span><\/h4>\n<p><span style=\"font-family: Times New Roman, serif;\"><span style=\"font-size: medium;\">Zur Handhabung: Es wird ausschlie\u00dflich das Behandelte aufgeschrieben und jeweils auf der behandelten Seite angekreuzt. Bei einer Behandlung von Querforts\u00e4tzen (QF) und Rippen werden diese auf der entsprechenden Seite und Wirbelh\u00f6he handschriftlich vermerkt. Behandlungen von peripheren Gelenken werden frei aufgeschrieben und dazu notiert, ob diese erfolgreich f\u00fcr die Beschwerden waren oder keine Ver\u00e4nderung bewirkt haben. Bei einer erfolgreichen Behandlung werden diese Gelenke als Eigen\u00fcbung gegeben. <\/span><\/span><\/p>\n<p><span style=\"font-family: Times New Roman, serif;\"><span style=\"font-size: medium;\">Funktionelle Beinl\u00e4ngenverl\u00e4ngerungen werden in ihrem gesamten summierten Werten rechts und links aufgeschrieben, jedoch sind Behandlungsschritte nicht auf zu addieren, die mehrfach hintereinander ausgef\u00fchrt sind (Cave Befundungsfehler). Die erfolgreichen \u00dcbungen werden dem Patienten immer beidseitig mitgegeben und notiert. Normalwerte sind unter 1,5 cm und wenige Maximalwerte bis zu 3 cm! Ganz selten gibt es Werte dar\u00fcber und diese sind anatomische Differenzen. Bei ungef\u00e4hr der H\u00e4lfte der Patienten gibt es nur auf einer Seite einen Wert und das andere Bein wird mit 0,0 aufgeschrieben. Alle Eigen\u00fcbungen, die der Patient w\u00e4hrend der Behandlung erh\u00e4lt, werden von Hand am unteren Rand notiert.<\/span><\/span><\/p>\n","protected":false},"excerpt":{"rendered":"<p>Dorn-Therapie-Blatt zur Dokumentation Im Rahmen der Dorn-Methode wird immer wieder die Frage nach einer Qualit\u00e4tssicherung gestellt. Ein Bereich dieser Fragestellung betrifft die Dokumentation der Behandlung und damit die Reproduzierbarkeit der Dorn-Therapie. Um innerhalb dieser Qualit\u00e4tsfrage weiter zu kommen, mu\u00df erst einmal eine gemeinsame Sprache gefunden werden. Welche Strukturen und in welchen Ebenen wird ertastet und [&hellip;]<\/p>\n","protected":false},"author":1,"featured_media":0,"parent":23,"menu_order":0,"comment_status":"closed","ping_status":"closed","template":"","meta":[],"_links":{"self":[{"href":"https:\/\/dorn-methode-therapie.de\/index.php?rest_route=\/wp\/v2\/pages\/25"}],"collection":[{"href":"https:\/\/dorn-methode-therapie.de\/index.php?rest_route=\/wp\/v2\/pages"}],"about":[{"href":"https:\/\/dorn-methode-therapie.de\/index.php?rest_route=\/wp\/v2\/types\/page"}],"author":[{"embeddable":true,"href":"https:\/\/dorn-methode-therapie.de\/index.php?rest_route=\/wp\/v2\/users\/1"}],"replies":[{"embeddable":true,"href":"https:\/\/dorn-methode-therapie.de\/index.php?rest_route=%2Fwp%2Fv2%2Fcomments&post=25"}],"version-history":[{"count":4,"href":"https:\/\/dorn-methode-therapie.de\/index.php?rest_route=\/wp\/v2\/pages\/25\/revisions"}],"predecessor-version":[{"id":258,"href":"https:\/\/dorn-methode-therapie.de\/index.php?rest_route=\/wp\/v2\/pages\/25\/revisions\/258"}],"up":[{"embeddable":true,"href":"https:\/\/dorn-methode-therapie.de\/index.php?rest_route=\/wp\/v2\/pages\/23"}],"wp:attachment":[{"href":"https:\/\/dorn-methode-therapie.de\/index.php?rest_route=%2Fwp%2Fv2%2Fmedia&parent=25"}],"curies":[{"name":"wp","href":"https:\/\/api.w.org\/{rel}","templated":true}]}}