{"id":23,"date":"2020-04-16T15:01:48","date_gmt":"2020-04-16T13:01:48","guid":{"rendered":"http:\/\/localhost:8080\/?page_id=23"},"modified":"2020-04-30T13:51:44","modified_gmt":"2020-04-30T11:51:44","slug":"dorn-therapie-seminare-ausbildung","status":"publish","type":"page","link":"https:\/\/dorn-methode-therapie.de\/?page_id=23","title":{"rendered":"Dorn-Therapie-Seminare \/ -Ausbildung"},"content":{"rendered":"<h1 class=\"western\">Dorn-Therapie-Seminare \/ -Ausbildung<\/h1>\n<p><span style=\"font-family: Times New Roman, serif;\"><span style=\"font-size: medium;\"><img decoding=\"async\" loading=\"lazy\" class=\"size-full wp-image-97 alignleft\" src=\"http:\/\/dornme.wpstage.covomedia.com\/wp-content\/uploads\/2020\/04\/seminare.jpg\" alt=\"\" width=\"220\" height=\"146\" \/>Dorn-Seminare oder Dorn-Aufbau-Seminare werden vieler Art angeboten, jedoch sind diese inhaltlich und qualitativ sehr unterschiedlich. Interessierte m\u00fcssen sich vor einer Anmeldung informieren. Die Ausbildungen, Seminare und Kurse werden von einem Tag bis zu einigen Tagen und mit sehr unterschiedlichem Inhalt angeboten.<\/span><\/span><\/p>\n<p><span style=\"font-family: Times New Roman, serif;\"><span style=\"font-size: medium;\">Hier einige Hinweise worauf Sie achten und die Sie vergleichen k\u00f6nnen.<\/span><\/span><\/p>\n<p><span style=\"font-family: Times New Roman, serif;\"><span style=\"font-size: medium;\">Der Hauptpunkt ist nat\u00fcrlich die Ausbildung des Referenten im medizinisch fachberuflichen Sinne wie auch im Rahmen der Dorn-Methode\/-Therapie. Er sollte diese Methode mindestens 4 Jahre in der Praxis angewendet haben und wiederholte Seminarassistenzen sollten seine Erfahrung abrunden bevor er Seminare gibt.<\/span><\/span><\/p>\n<p><span style=\"font-family: Times New Roman, serif;\"><span style=\"font-size: medium;\">Ein weiterer Punkt lautet: Was mu\u00df in einem Dorn-Seminar f\u00fcr Therapeuten, medizinische Masseure,\u00a0 Physiotherapeuten, Ergotherapeuten,\u00a0 Heilpraktiker und \u00c4rzte inhaltlich behandelt werden und was kann je nach Referent noch dazu kommen? Wieviel Stunden oder Tage dauert ein Seminar bei vollst\u00e4ndiger Vermittlung der Dorn-Methode? Wird Dorn vermittelt oder nur eine Mixtur mit weiteren Therapien und Techniken?<\/span><\/span><\/p>\n<p><span style=\"font-family: Times New Roman, serif;\"><span style=\"font-size: medium;\">Die Dauer eines Dorn-Seminares bei vollst\u00e4ndiger Vermittlung der Dorn-Methode liegt bei 2 Tagen und nicht weniger! Die Dauer eines Refresher-Seminares oder \u00dcbungstages kann 1 Tag sein oder weniger. Die Dauer eines Dorn-Aufbau-Seminares liegt bei einer gesamten Durcharbeitung und Intensivierung der Methode mit den Fragen der Teilnehmer bei mindestens 1 eher 2 Tagen.<\/span><\/span><\/p>\n<h2 class=\"western\">Ein Grund-Seminar der Dorn-Methode<br \/>\nhat folgenden Inhalt:<\/h2>\n<h3 class=\"western\">1. Theorie:<\/h3>\n<ul>\n<li>Entstehungsgeschichte der Methode<\/li>\n<li>Anatomie der kn\u00f6chernen Strukturen, Neurologie und Physiologie<\/li>\n<li>Gelenke in Aufbau und Physiologie<\/li>\n<li>Pathophysiologie einer \u201eBlockade\u201c\/Dysfunktion eines Gelenkbereiches<\/li>\n<li>Kontraindikationen<\/li>\n<li>Grundlegender Aufbau einer Dorn-Befundung und Dorn-Behandlung<\/li>\n<li>Grunds\u00e4tze der Dorn`schen Behandlung (assistiv &#8211; aktiv, sanft, manuelle Therapie, Selbst\u00e4ndigkeit der Patienten \u00fcber Eigen\u00fcbungen, Mobilisation von Gelenken, physiologische Bewegungen)<\/li>\n<li>Erkl\u00e4rung zur Verwendung des Dorn-Therapie-Blattes, Dokumentation und rechtlicher Relevanz<\/li>\n<\/ul>\n<h3 class=\"western\">2. praktische Therapiegriffe:<\/h3>\n<ul>\n<li>Beinl\u00e4ngenausgleich mit H\u00fcft-, Knie- und oberes Sprunggelenkbereich<\/li>\n<li>Befundung und Behandlung von SIG, Kreuzbein, Stei\u00dfbein, Lendenwirbels\u00e4ule, untere Brustwirbels\u00e4ule im Stehen<\/li>\n<li>mittlere und obere Brustwirbels\u00e4ule und Halswirbels\u00e4ule im Sitzen<\/li>\n<li>beispielhaft ein paar periphere Gelenke<\/li>\n<\/ul>\n<h3 class=\"western\">3. Eigenbehandlungen f\u00fcr Patienten:<\/h3>\n<p><span style=\"font-family: Times New Roman, serif;\"><span style=\"font-size: medium;\">von allen referierten Therapiegriffen also gesamte Wirbels\u00e4ule, Beinl\u00e4ngenausgleich und der erarbeiteten peripheren Gelenke<\/span><\/span><\/p>\n<h3 class=\"western\">4. leichte Einf\u00fchrung<\/h3>\n<p><span style=\"font-family: Times New Roman, serif;\"><span style=\"font-size: medium;\">in die Ganzheitlichkeit der Dorn-Methode mit Wirbel \u2013 Organe \u2013 Meridiane \u2013 periphere Gelenke \u2013 Psyche an Beispielen der Teilnehmer demonstrieren<\/span><\/span><\/p>\n<h3 class=\"western\">Ein Grund-Seminar der Dorn-Methode<br \/>\nkann zus\u00e4tzliche Inhaltspunkte enthalten:<\/h3>\n<ul>\n<li>alle periphere Gelenke vollst\u00e4ndig in Symptomatik, Befundung, Behandlung und Eigenbehandlung<\/li>\n<li>Querforts\u00e4tze &#8211; Rippen als Einheit in Befundung und Behandlung<\/li>\n<li>Breu\u00df-Massage<\/li>\n<li>Einweisung in die Therapiehilfsger\u00e4te<\/li>\n<li>systematischer Behandlungsaufbau (Theorie, Befund, Behandlung, Wiederbefund und Test, Eigen\u00fcbungen)<\/li>\n<li>leichte Meridianeinf\u00fchrung<\/li>\n<\/ul>\n<h2 class=\"western\">Ein Aufbau-Seminar der Dorn-Methode<br \/>\nhat folgenden Inhalt:<\/h2>\n<h3 class=\"western\">1.Theorie:<\/h3>\n<p><span style=\"font-family: Times New Roman, serif;\"><span style=\"font-size: medium;\">Fragen der Teilnehmer aus ihrer Praxis zu Entstehungsgeschichte der Methode, kn\u00f6chernen Strukturen und Gelenke in Aufbau, Anatomie, Neurologie oder Physiologie. Kl\u00e4ren der Pathophysiologie einer \u201eBlockade\u201c\/Dysfunktion eines Gelenkbereiches und grundlegendes Behandlungsverst\u00e4ndnis von Dorn. Kontraindikationen anhand der Teilnehmererfahrung betonen. Differenzierung der Dysfunktionsarten und daraus folgenden verschiedenen Therapien.<\/span><\/span><\/p>\n<p><span style=\"font-family: Times New Roman, serif;\"><span style=\"font-size: medium;\">Festigen eines grundlegenden systematischen Aufbaues einer Dorn-Behandlung (Theorie, Befund, Behandlung, Wiederbefund und Test, Eigen\u00fcbungen) und der Grunds\u00e4tze der Dorn-Methode. Betonung der m\u00f6glichen Zusammenh\u00e4nge der peripheren Gelenke mit der Wirbels\u00e4ule.<\/span><\/span><\/p>\n<h3 class=\"western\">2. praktische Therapiegriffe:<\/h3>\n<ul>\n<li>Beinl\u00e4ngenausgleich mit H\u00fcft-, Knie- und oberes Sprunggelenkbereich und den Fehlerquellen werden intensiviert<\/li>\n<li>Fragen zu Befundung und Behandlung von SIG, Kreuzbein, Stei\u00dfbein und Lendenwirbels\u00e4ule<\/li>\n<li>Brustwirbels\u00e4ule Differenzierung Querforts\u00e4tze und Rippen von der ersten bis zur zw\u00f6lften<\/li>\n<li>Halswirbels\u00e4ule in Differenzierung der m\u00f6glichen Dysfunktionsarten<\/li>\n<li>alle peripheren Gelenke in Symptomatik, Befundung und Behandlung<\/li>\n<li>Objektivierung des Tastbefundes und intensives dokumentieren mit dem Dorn-Therapie-Blattes<\/li>\n<li>Differenzierung Dorn- und Querforts\u00e4tze an der gesamten Wirbels\u00e4ule<\/li>\n<li>reproduzierbares Auffinden der Mittelposition als Basis der Befundung<\/li>\n<li>reproduzierbare Einstiege der Z\u00e4hlung von Wirbeln. Dies ist Grundlage f\u00fcr ein spezifisches Behandeln nach Dorn und der Anwendung der Ganzheitlichkeit.<\/li>\n<li>Training und Regulation der Druckst\u00e4rke bei Befundung und Behandlung, so wenig wie m\u00f6glich so viel wie n\u00f6tig als Grundregel<\/li>\n<\/ul>\n<h3 class=\"western\">3. Eigenbehandlungen f\u00fcr Patienten:<\/h3>\n<p><span style=\"font-family: Times New Roman, serif;\"><span style=\"font-size: medium;\">Von allen Therapiegriffen also der gesamten Wirbels\u00e4ule und aller peripheren Gelenke werden die Eigen\u00fcbungen erarbeitet. Betonung der Wichtigkeit von Eigen\u00fcbungen f\u00fcr Patienten.<\/span><\/span><\/p>\n<h3 class=\"western\">4. Einf\u00fchrung<\/h3>\n<p><span style=\"font-family: Times New Roman, serif;\"><span style=\"font-size: medium;\">in die Ganzheitlichkeit der Dorn-Methode mit Wirbel \u2013 Organe \u2013 Meridiane \u2013 periphere Gelenke \u2013 Psyche anhand von Beispielen der Teilnehmer soweit diese vorhanden sind. Die Teilnehmer berichten aus ihrer Erfahrung mit Patientenbeispielen. Erfolglose Behandlungen werden auf weitere M\u00f6glichkeiten und Zusammenh\u00e4nge abgeklopft. Dorn spezifische Theorie zu den Meridianen in Relation der Erfahrung der Teilnehmer und Erweiterung aus der praktischen Referentenerfahrung heraus.<\/span><\/span><\/p>\n<h3 class=\"western\">Ein Aufbau-Seminar der Dorn-Methode<br \/>\nkann zus\u00e4tzliche Inhaltspunkte enthalten:<\/h3>\n<ul>\n<li>Einweisung in die Therapiehilfsger\u00e4te<\/li>\n<\/ul>\n<p><span style=\"font-family: Times New Roman, serif;\"><span style=\"font-size: medium;\">Verschiedene Dorn-Seminare finden Sie unter <span style=\"color: #0000ff;\"><u><a href=\"https:\/\/www.dorn-praxis.de\/seminare\/\">https:\/\/www.dorn-praxis.de\/seminare\/<\/a><\/u><\/span> zu den Themen Dorn-Therapie, Dorn+Meridian-Lehre, Dorn-Aufbau, Atlas-Therapie, Dorn-Refresher, etc.<\/span><\/span><\/p>\n","protected":false},"excerpt":{"rendered":"<p>Dorn-Therapie-Seminare \/ -Ausbildung Dorn-Seminare oder Dorn-Aufbau-Seminare werden vieler Art angeboten, jedoch sind diese inhaltlich und qualitativ sehr unterschiedlich. Interessierte m\u00fcssen sich vor einer Anmeldung informieren. Die Ausbildungen, Seminare und Kurse werden von einem Tag bis zu einigen Tagen und mit sehr unterschiedlichem Inhalt angeboten. Hier einige Hinweise worauf Sie achten und die Sie vergleichen k\u00f6nnen. [&hellip;]<\/p>\n","protected":false},"author":1,"featured_media":187,"parent":0,"menu_order":0,"comment_status":"closed","ping_status":"closed","template":"","meta":[],"_links":{"self":[{"href":"https:\/\/dorn-methode-therapie.de\/index.php?rest_route=\/wp\/v2\/pages\/23"}],"collection":[{"href":"https:\/\/dorn-methode-therapie.de\/index.php?rest_route=\/wp\/v2\/pages"}],"about":[{"href":"https:\/\/dorn-methode-therapie.de\/index.php?rest_route=\/wp\/v2\/types\/page"}],"author":[{"embeddable":true,"href":"https:\/\/dorn-methode-therapie.de\/index.php?rest_route=\/wp\/v2\/users\/1"}],"replies":[{"embeddable":true,"href":"https:\/\/dorn-methode-therapie.de\/index.php?rest_route=%2Fwp%2Fv2%2Fcomments&post=23"}],"version-history":[{"count":3,"href":"https:\/\/dorn-methode-therapie.de\/index.php?rest_route=\/wp\/v2\/pages\/23\/revisions"}],"predecessor-version":[{"id":142,"href":"https:\/\/dorn-methode-therapie.de\/index.php?rest_route=\/wp\/v2\/pages\/23\/revisions\/142"}],"wp:featuredmedia":[{"embeddable":true,"href":"https:\/\/dorn-methode-therapie.de\/index.php?rest_route=\/wp\/v2\/media\/187"}],"wp:attachment":[{"href":"https:\/\/dorn-methode-therapie.de\/index.php?rest_route=%2Fwp%2Fv2%2Fmedia&parent=23"}],"curies":[{"name":"wp","href":"https:\/\/api.w.org\/{rel}","templated":true}]}}