{"id":17,"date":"2020-04-16T15:01:26","date_gmt":"2020-04-16T13:01:26","guid":{"rendered":"http:\/\/localhost:8080\/?page_id=17"},"modified":"2020-04-30T13:47:00","modified_gmt":"2020-04-30T11:47:00","slug":"wirkungsweise-der-dorn-therapie","status":"publish","type":"page","link":"https:\/\/dorn-methode-therapie.de\/?page_id=17","title":{"rendered":"Wirkungsweise der Dorn-Therapie"},"content":{"rendered":"<h1 class=\"western\">Wirkungsweise der Dorn-Therapie<\/h1>\n<p><span style=\"font-family: Times New Roman, serif;\"><span style=\"font-size: medium;\"><img decoding=\"async\" loading=\"lazy\" class=\"size-full wp-image-89 alignleft\" src=\"http:\/\/dornme.wpstage.covomedia.com\/wp-content\/uploads\/2020\/04\/dorngelenk.jpg\" alt=\"\" width=\"220\" height=\"146\" \/>Was ist unter einer Dorn\u00b4schen Dysfunktion oder einer Wirbelblockade zu verstehen? Die Dorn-Methode behandelt Wirbel und Gelenke mit einer assistiven oder aktiven physiologischen Bewegung der Knochen durch den Patienten. Daraus ist klar abzulesen, da\u00df es um die Gesamtheit aller Gewebe und ihres physiologischen Zusammenspiels um den Wirbel und Gelenk herum geht. \u00dcber die Wirkungsweise kann man sich der Definition einer Blockade n\u00e4hern. Die Wirkungsweise der Dorn-Methode ist lokal in und um dem Gelenk und Wirbel, regional in den neuromuskul\u00e4ren Funktionsketten und ganzheitlich zu sehen.<\/span><\/span><\/p>\n<p><span style=\"font-family: Times New Roman, serif;\"><span style=\"font-size: medium;\">Die Dorn-Methode nimmt mit einer lokalen Behandlung Einflu\u00df auf alle Gewebe vor Ort wie Knochen, Knorpel, Menisken, B\u00e4nder, Kapseln, Muskeln, Nerven, Blutgef\u00e4\u00dfe, Bindegewebe und Faszien. Die Behandlung wirkt regional auf Gewebe wie Muskeln, Faszien und Nerven. Die Ganzheitlichkeit der Dorn-Methode kann sich in den ausgleichenden Wirkungen auf innere Organe, das Energiesystem mit der Meridianlehre, Nervensysteme (z.B. vegetatives) und die psychosozialen Symptomen zeigen. Eine Blockade oder Dorn\u00b4sche Dysfunktion zeigt sich in meist mehreren der beschriebenen Bereiche stark verringernd oder erweiternd, jedoch ist eine Abweichung in einzelnen Bereichen nicht immer gleich zusetzen mit einer Existenz einer Blockade.<\/span><\/span><\/p>\n<p><span style=\"font-family: Times New Roman, serif;\"><span style=\"font-size: medium;\">Die Dorn\u00b4sche Dysfunktion zeigt sich in der Gesamtheit des Menschen und seiner physiologischen Funktion! Welche Bereiche jeweils bei einem Patienten im Rahmen einer Blockade die aktuell wichtigsten sind, versucht der Therapeut zu erkennen und zu therapieren.<\/span><\/span><\/p>\n<p><span style=\"font-family: Times New Roman, serif;\"><span style=\"font-size: medium;\">Bei einer Wirbelblockade\/Wirbeldysfunktion sind fast immer positive Befunde an den Dornforts\u00e4tzen und\/oder Querforts\u00e4tzen vorhanden. Bewegungseinschr\u00e4nkungen und Muskelspannungsver\u00e4nderungen sind h\u00e4ufig, die jedoch nicht unbedingt wahrgenommen werden m\u00fcssen. Viele Dysfunktionen bestehen ohne von den Patienten wahrgenommen zu werden. Meridiansymptome und Par\u00e4sthesien\/Mi\u00dfempfindungen sind ab und zu vorhanden. Durch die Blockade verursachte innere Organbeschwerden sind selten. Monokausale psychische Symptome sind sehr selten.<\/span><\/span><\/p>\n<p><span style=\"font-family: Times New Roman, serif;\"><span style=\"font-size: medium;\">Die Dorn-Therapie ist eine sanfte Mobilisation von Wirbeln und Gelenken. Die Behandlung bei der Dorn-Therapie findet in einer assistiven oder aktiven Dynamik der Gelenk bildenden Knochen durch den Patienten um die Ruhestellung der Gelenke und Wirbel statt.<\/span><\/span><\/p>\n<p><span style=\"font-family: Times New Roman, serif;\"><span style=\"font-size: medium;\">F\u00fcr Patienten kann ein Therapeut das Bild eines \u201eHerausrutschens\u201c von Gelenken verwenden, nat\u00fcrlich nur mit dem Ziel die Akzeptanz und Mitarbeit des Patienten \u00fcber ein Verst\u00e4ndnis eines vereinfachten Modells zu erh\u00f6hen. Das \u201eHerausrutschen\u201c eines Gelenkes findet in dieser einfachen Art nicht statt, es ist ein komplexes Zusammenspiel von einigen Funktionen, Faktoren und Geweben.<\/span><\/span><\/p>\n<p>&nbsp;<\/p>\n<p><span style=\"font-family: Times New Roman, serif;\"><span style=\"font-size: medium;\"><b>Hinweis aus rechtlichen Gr\u00fcnden:<\/b> Die Dorn-Methode geh\u00f6rt zu der naturheilkundlichen Komplement\u00e4rmedizin. Es gibt noch keine wissenschaftlich evidenzbasierte Studie zum Wirkungsnachweis der Dorn-Therapie. Somit ist die Dorn-Methode\/-Therapie in der Schulmedizin nicht anerkannt. Alle Aussagen \u00fcber Eigenschaft, Wirkung oder Anwendungsm\u00f6glichkeiten beruhen auf Erkenntnis und Erfahrung des Therapeuten\/Autoren selbst.<\/span><\/span><\/p>\n","protected":false},"excerpt":{"rendered":"<p>Wirkungsweise der Dorn-Therapie Was ist unter einer Dorn\u00b4schen Dysfunktion oder einer Wirbelblockade zu verstehen? Die Dorn-Methode behandelt Wirbel und Gelenke mit einer assistiven oder aktiven physiologischen Bewegung der Knochen durch den Patienten. Daraus ist klar abzulesen, da\u00df es um die Gesamtheit aller Gewebe und ihres physiologischen Zusammenspiels um den Wirbel und Gelenk herum geht. \u00dcber [&hellip;]<\/p>\n","protected":false},"author":1,"featured_media":0,"parent":15,"menu_order":0,"comment_status":"closed","ping_status":"closed","template":"","meta":[],"_links":{"self":[{"href":"https:\/\/dorn-methode-therapie.de\/index.php?rest_route=\/wp\/v2\/pages\/17"}],"collection":[{"href":"https:\/\/dorn-methode-therapie.de\/index.php?rest_route=\/wp\/v2\/pages"}],"about":[{"href":"https:\/\/dorn-methode-therapie.de\/index.php?rest_route=\/wp\/v2\/types\/page"}],"author":[{"embeddable":true,"href":"https:\/\/dorn-methode-therapie.de\/index.php?rest_route=\/wp\/v2\/users\/1"}],"replies":[{"embeddable":true,"href":"https:\/\/dorn-methode-therapie.de\/index.php?rest_route=%2Fwp%2Fv2%2Fcomments&post=17"}],"version-history":[{"count":4,"href":"https:\/\/dorn-methode-therapie.de\/index.php?rest_route=\/wp\/v2\/pages\/17\/revisions"}],"predecessor-version":[{"id":189,"href":"https:\/\/dorn-methode-therapie.de\/index.php?rest_route=\/wp\/v2\/pages\/17\/revisions\/189"}],"up":[{"embeddable":true,"href":"https:\/\/dorn-methode-therapie.de\/index.php?rest_route=\/wp\/v2\/pages\/15"}],"wp:attachment":[{"href":"https:\/\/dorn-methode-therapie.de\/index.php?rest_route=%2Fwp%2Fv2%2Fmedia&parent=17"}],"curies":[{"name":"wp","href":"https:\/\/api.w.org\/{rel}","templated":true}]}}