{"id":15,"date":"2020-04-16T15:01:19","date_gmt":"2020-04-16T13:01:19","guid":{"rendered":"http:\/\/localhost:8080\/?page_id=15"},"modified":"2020-04-30T13:51:21","modified_gmt":"2020-04-30T11:51:21","slug":"dorn-therapie","status":"publish","type":"page","link":"https:\/\/dorn-methode-therapie.de\/?page_id=15","title":{"rendered":"Dorn-Therapie"},"content":{"rendered":"<h1 class=\"western\">Dorn-Therapie und ihre spezifischen Grunds\u00e4tze<\/h1>\n<p><span style=\"font-family: Times New Roman, serif;\"><span style=\"font-size: medium;\">Die <b>Dorn-Therapie<\/b> hat wie jede grundlegende Therapie klare Grunds\u00e4tze, die sie spezifisch von anderen Therapien in ihrer Anwendung unterscheidet. Diese Grunds\u00e4tze sind Einfachheit, Sanftheit, manuelle Anwendung, alle Gelenke und Wirbel sind behandelbar, Eigen\u00fcbungen, Positionsdiagnostik, Patienten sind assistiv oder aktiv und zielorientierte Anwendung.<\/span><\/span><\/p>\n<p><span style=\"font-family: Times New Roman, serif;\"><span style=\"font-size: medium;\"><b>Einfachheit:<\/b> Diese Methode hat zwei Bereiche, den Therapeuten- und Laienbereich. F\u00fcr medizinische Fachberufler ist die Dorn-Therapie eine spezifische und differentialdiagnostische Therapie in der Ganzheitlichkeit der Patienten. Therapeuten k\u00f6nnen mit Grundlagen ihrer Ausbildung die Kontraindikationen ausschlie\u00dfend die gesamten Zusammenh\u00e4nge von Anatomie, Physiologie und Neurologie im Menschen bei der Behandlung mit einbeziehen. Laien k\u00f6nnen diese Therapie im Sinn der Hilfe zur Selbsthilfe erlernen. Die Eigen\u00fcbungen, w\u00e4hrend einer Behandlung beim Therapeuten erarbeitet, k\u00f6nnen in einfacher Sprache mit Ziel und Sinn den Patienten vermittelt werden. So k\u00f6nnen sich Patienten bei wiederkehrendem akutem Auftreten von Beschwerden selbst helfen und prophylaktisch t\u00e4tig sein.<\/span><\/span><\/p>\n<p><span style=\"font-family: Times New Roman, serif;\"><span style=\"font-size: medium;\"><b>Sanftheit:<\/b> Diese Methode wird mit Respekt und Empathie gegen\u00fcber den Patienten angewendet. W\u00e4hrend Therapeuten Dornforts\u00e4tze oder andere Knochen behandeln, merken sie den Widerstand im Gewebeverbund und werden sanft dem Gewebe den ben\u00f6tigten Behandlungsdruck geben. Patienten bestimmen die Bewegungsweite und \u2013 geschwindigkeit der behandelten Gelenke und Wirbel selbst und sie sollen sich wohl f\u00fchlen. Patienten k\u00f6nnen jeder Zeit eine Behandlung unterbrechen. Der Therapeut arbeitet mit dem Patienten und mit dem Gewebe. Dorn ist keine Chiropraktik und Gewaltanwendung!<\/span><\/span><\/p>\n<p><span style=\"font-family: Times New Roman, serif;\"><span style=\"font-size: medium;\"><b>Manuelle Anwendung:<\/b> Die Hauptakteure sind die Daumen bei Befundung und Behandlung. Therapeuten mit besch\u00e4digten Daumen k\u00f6nnen auch die Finger einsetzen. Hier gibt es viele verschiedene Grifftechniken. Medikamente werden bei dieser Therapie nicht gegeben. Es gibt Therapiehilfsger\u00e4te, die von einigen Therapeuten zus\u00e4tzlich benutzt werden.<\/span><\/span><\/p>\n<p><span style=\"font-family: Times New Roman, serif;\"><span style=\"font-size: medium;\"><b>Alle Gelenke und Wirbel sind behandelbar:<\/b> Die Dorn-Methode ist eine ganzheitliche Therapie. Alle Gelenke und Wirbel k\u00f6nnen mit Dorn behandelt werden. Ein erfahrener Therapeut wird mit den verschiedenen m\u00f6glichen Zusammenh\u00e4ngen bei Hinweis das entsprechende periphere Gelenk und Wirbel behandeln. Dies wird bei erfolgreicher Behandlung als Eigen\u00fcbung dem Patienten mit gegeben.<\/span><\/span><\/p>\n<p><span style=\"font-family: Times New Roman, serif;\"><span style=\"font-size: medium;\"><b>Eigen\u00fcbungen:<\/b> Das ist die St\u00e4rke der Dorn-Methode. Jeder Mensch erh\u00e4lt seine spezifischen Eigen\u00fcbungen w\u00e4hrend der Behandlung. Das Ziel der Dorn-Methode ist ein Bewu\u00dftwerdungsproze\u00df bei den Patienten, da\u00df sie Ursachen verstehen, angehen und beseitigen k\u00f6nnen. Nat\u00fcrlich ist es ein individueller Proze\u00df von kurzer bis hin zu langer Zeit. Und so sind in dieser \u00dcbergangszeit die Eigen\u00fcbungen bei Auftreten der Beschwerden anzuwenden. Diese Eigen\u00fcbungen werden in verst\u00e4ndlicher Sprache erkl\u00e4rt. Die \u00dcbungen sind ebenfalls prophylaktisch zu verstehen. Fehlhaltungen, die Ursache f\u00fcr Beschwerden sind, werden von Therapeuten aufgezeigt und positive L\u00f6sungsm\u00f6glichkeiten erkl\u00e4rt.<\/span><\/span><\/p>\n<p><span style=\"font-family: Times New Roman, serif;\"><span style=\"font-size: medium;\"><b>Positionsdiagnostik:<\/b> Die Dorn-Methode ist eine Positionsdiagnostik und aufgrund dieser Befunde wird behandelt. Diese Positionsdiagnostik ist ihre St\u00e4rke und gleichzeitig ihre Einfachheit. Auch bei dieser Methode gilt je mehr \u00dcbung der Therapeut besitzt, um so genauer kann er wahrnehmen und entsprechend feinf\u00fchliger behandeln. Die Hauptarbeit erfolgt am Dornfortsatz, wenn nach dieser Behandlung weiterhin Symptome vorhanden sind, kann dies \u00fcber die Querforts\u00e4tze differenziert werden.<\/span><\/span><\/p>\n<p><span style=\"font-family: Times New Roman, serif;\"><span style=\"font-size: medium;\"><b>Aktiv oder assistiv:<\/b> Patienten arbeiten immer aktiv oder assistiv\/unterst\u00fctzend bei der Dorn-Behandlung mit. Dorn ist nie passiv f\u00fcr den Patienten! Auch nach der Behandlung erhalten die Patienten spezifische Eigen\u00fcbungen und erfahren so die aktive Selbst\u00e4ndigkeit.<\/span><\/span><\/p>\n<p><span style=\"font-family: Times New Roman, serif;\"><span style=\"font-size: medium;\"><b>Zielorientierte Anwendung:<\/b> Die Dorn-Methode wird bei vollst\u00e4ndiger Anwendung der 3 Bereiche (Eigen\u00fcbung, Ganzheitlichkeit, Therapie)\u00a0 mit ungef\u00e4hr einer Stunde (der gesamten Wirbels\u00e4ule und ben\u00f6tigte periphere Gelenke) mit 2, 3 evtl. 4 Terminen in der Regel eine klare Wirkung zeigen, wenn diese Methode bei dem Patienten angezeigt und das Verh\u00e4ltnis von Patient und Therapeut gut ist. Voraussetzung ist eine Kl\u00e4rung von Kontraindikationen\/Gegenanzeigen durch den Therapeuten. Daran zeigt sich eine kosteng\u00fcnstige Therapie f\u00fcr Patienten, Krankenkassen und der Volkswirtschaft.<\/span><\/span><\/p>\n","protected":false},"excerpt":{"rendered":"<p>Dorn-Therapie und ihre spezifischen Grunds\u00e4tze Die Dorn-Therapie hat wie jede grundlegende Therapie klare Grunds\u00e4tze, die sie spezifisch von anderen Therapien in ihrer Anwendung unterscheidet. Diese Grunds\u00e4tze sind Einfachheit, Sanftheit, manuelle Anwendung, alle Gelenke und Wirbel sind behandelbar, Eigen\u00fcbungen, Positionsdiagnostik, Patienten sind assistiv oder aktiv und zielorientierte Anwendung. Einfachheit: Diese Methode hat zwei Bereiche, den Therapeuten- [&hellip;]<\/p>\n","protected":false},"author":1,"featured_media":76,"parent":0,"menu_order":0,"comment_status":"closed","ping_status":"closed","template":"","meta":[],"_links":{"self":[{"href":"https:\/\/dorn-methode-therapie.de\/index.php?rest_route=\/wp\/v2\/pages\/15"}],"collection":[{"href":"https:\/\/dorn-methode-therapie.de\/index.php?rest_route=\/wp\/v2\/pages"}],"about":[{"href":"https:\/\/dorn-methode-therapie.de\/index.php?rest_route=\/wp\/v2\/types\/page"}],"author":[{"embeddable":true,"href":"https:\/\/dorn-methode-therapie.de\/index.php?rest_route=\/wp\/v2\/users\/1"}],"replies":[{"embeddable":true,"href":"https:\/\/dorn-methode-therapie.de\/index.php?rest_route=%2Fwp%2Fv2%2Fcomments&post=15"}],"version-history":[{"count":8,"href":"https:\/\/dorn-methode-therapie.de\/index.php?rest_route=\/wp\/v2\/pages\/15\/revisions"}],"predecessor-version":[{"id":190,"href":"https:\/\/dorn-methode-therapie.de\/index.php?rest_route=\/wp\/v2\/pages\/15\/revisions\/190"}],"wp:featuredmedia":[{"embeddable":true,"href":"https:\/\/dorn-methode-therapie.de\/index.php?rest_route=\/wp\/v2\/media\/76"}],"wp:attachment":[{"href":"https:\/\/dorn-methode-therapie.de\/index.php?rest_route=%2Fwp%2Fv2%2Fmedia&parent=15"}],"curies":[{"name":"wp","href":"https:\/\/api.w.org\/{rel}","templated":true}]}}